{"id":1590,"date":"2024-08-30T13:25:03","date_gmt":"2024-08-30T11:25:03","guid":{"rendered":"https:\/\/paramus.pl\/?page_id=1590"},"modified":"2026-01-28T11:56:27","modified_gmt":"2026-01-28T10:56:27","slug":"wow-w-ngo","status":"publish","type":"page","link":"https:\/\/paramus.pl\/?page_id=1590","title":{"rendered":"WOW w NGO"},"content":{"rendered":"\n<p>Wsparcie Organizacji Wolontariatu w NGO<\/p>\n\n\n<div class=\"wp-block-image\">\n<figure class=\"aligncenter size-full is-resized\"><img loading=\"lazy\" decoding=\"async\" width=\"394\" height=\"557\" src=\"https:\/\/paramus.pl\/wp-content\/uploads\/2024\/09\/plakat__budzet__panstwa__420x297-1.jpg\" alt=\"\" class=\"wp-image-1620\" style=\"width:290px;height:auto\" srcset=\"https:\/\/paramus.pl\/wp-content\/uploads\/2024\/09\/plakat__budzet__panstwa__420x297-1.jpg 394w, https:\/\/paramus.pl\/wp-content\/uploads\/2024\/09\/plakat__budzet__panstwa__420x297-1-212x300.jpg 212w\" sizes=\"auto, (max-width: 394px) 100vw, 394px\" \/><\/figure>\n<\/div>\n\n\n<hr class=\"wp-block-separator has-alpha-channel-opacity\"\/>\n\n\n\n<p>08.04.2025<\/p>\n\n\n\n<p>Pierwszy nab\u00f3r wniosk\u00f3w na Minigranty WOW w NGO 2025 zako\u0144czony. <\/p>\n\n\n\n<p>Dofinansowanie otrzyma\u0142 projekt:<\/p>\n\n\n\n<p>&#8222;Zielona przysz\u0142o\u015b\u0107. Sad\u017amy razem&#8221; &#8211; lider Ma\u0142gorzata Obtu\u0142owicz<\/p>\n\n\n\n<p><\/p>\n\n\n\n<p>Gratulujemy. <\/p>\n\n\n\n<hr class=\"wp-block-separator has-alpha-channel-opacity\"\/>\n\n\n\n<p>12.03.2025<\/p>\n\n\n\n<p class=\"has-text-align-center\">MINIGRANTY WOW w NGO edycja 2025<\/p>\n\n\n\n<figure class=\"wp-block-image size-large\"><img loading=\"lazy\" decoding=\"async\" width=\"1024\" height=\"1024\" src=\"https:\/\/paramus.pl\/wp-content\/uploads\/2024\/08\/5.minigranty-1024x1024.png\" alt=\"\" class=\"wp-image-1596\" srcset=\"https:\/\/paramus.pl\/wp-content\/uploads\/2024\/08\/5.minigranty-1024x1024.png 1024w, https:\/\/paramus.pl\/wp-content\/uploads\/2024\/08\/5.minigranty-300x300.png 300w, https:\/\/paramus.pl\/wp-content\/uploads\/2024\/08\/5.minigranty-150x150.png 150w, https:\/\/paramus.pl\/wp-content\/uploads\/2024\/08\/5.minigranty-768x768.png 768w, https:\/\/paramus.pl\/wp-content\/uploads\/2024\/08\/5.minigranty-1536x1536.png 1536w, https:\/\/paramus.pl\/wp-content\/uploads\/2024\/08\/5.minigranty-2048x2048.png 2048w\" sizes=\"auto, (max-width: 1024px) 100vw, 1024px\" \/><\/figure>\n\n\n\n<p>Zmiana terminu: <\/p>\n\n\n\n<p>Wnioski w III etapie mo\u017cna sk\u0142ada\u0107 do 30.11.2025<\/p>\n\n\n\n<p>Z rado\u015bci\u0105 zapraszamy wolontariuszy i wolontariuszki zarejestrowanych w Systemie Obs\u0142ugi Wolontariatu do sk\u0142adania wniosk\u00f3w na minigranty na inicjatywy wolontariackie. <\/p>\n\n\n\n<p>Dzi\u0119ki wsparciu finansowemu mo\u017cna realizowa\u0107 wiele niezwyk\u0142ych pomys\u0142\u00f3w, zdoby\u0107 nowe kontakty, uczy\u0107 si\u0119 pozyskiwania i rozliczania \u015brodk\u00f3w zewn\u0119trznych. <\/p>\n\n\n\n<p>MiniGranty 2025 w skr\u00f3cie:<\/p>\n\n\n\n<p><\/p>\n\n\n\n<ul class=\"wp-block-list\">\n<li>mo\u017cna uzyska\u0107 1000 z\u0142 (wk\u0142ad w\u0142asny nie jest wymagany)<\/li>\n\n\n\n<li>wniosek mo\u017ce z\u0142o\u017cy\u0107 2-osobowy zesp\u00f3\u0142 wolontariuszy, zarejestrowanych w Systemie Obs\u0142ugi Wolontariatu<\/li>\n\n\n\n<li>\u015brodki mo\u017cna przeznaczy\u0107 na realizacj\u0119 r\u00f3\u017cnorodnych akcji wolontariackich skierowanych do lokalnej spo\u0142eczno\u015bci, <\/li>\n\n\n\n<li>nab\u00f3r wniosk\u00f3w prowadzony jest w terminach: I &#8211; 12.03.2025 do 04.04.2025, II &#8211; 01.06.2025 do 01.07.2025, III &#8211; 01.09.2025 do 30.10.2025<\/li>\n\n\n\n<li>dzia\u0142ania mo\u017cna realizowa\u0107 w terminie 01.04.2025-20.12.2025 r.<\/li>\n\n\n\n<li>Lider teamu musi by\u0107 osob\u0105 pe\u0142noletni\u0105<\/li>\n<\/ul>\n\n\n\n<p>Szczeg\u00f3\u0142owe informacje mo\u017cna uzyska\u0107 pod numerem <strong>798 702 319<\/strong> lub pisz\u0105c na adres <strong>paramus.zywiec@gmail.com<\/strong><\/p>\n\n\n\n<p><em>Konkurs jest finansowany przez Narodowy Instytut Wolno\u015bci \u2013 Centrum Rozwoju Spo\u0142ecze\u0144stwa Obywatelskiego ze \u015brodk\u00f3w programu \u201eKorpus Solidarno\u015bci \u2013 Program Wspierania i Rozwoju Wolontariatu Systematycznego na lata 2018-2030\u201d.<\/em><\/p>\n\n\n\n<p><strong>Dokumenty do pobrania<\/strong><\/p>\n\n\n\n<div class=\"wp-block-file\"><a id=\"wp-block-file--media-45b7e60e-bc34-4411-8572-f7dd71b94738\" href=\"https:\/\/paramus.pl\/wp-content\/uploads\/2025\/11\/wniosek-25-1.doc\">wniosek-25<\/a><a href=\"https:\/\/paramus.pl\/wp-content\/uploads\/2025\/11\/wniosek-25-1.doc\" class=\"wp-block-file__button wp-element-button\" download aria-describedby=\"wp-block-file--media-45b7e60e-bc34-4411-8572-f7dd71b94738\">Pobierz<\/a><\/div>\n\n\n\n<div data-wp-interactive=\"core\/file\" class=\"wp-block-file\"><object data-wp-bind--hidden=\"!state.hasPdfPreview\" hidden class=\"wp-block-file__embed\" data=\"https:\/\/paramus.pl\/wp-content\/uploads\/2025\/04\/Regulamin-konkursu-na-minigranty-edycja-2025.pdf\" type=\"application\/pdf\" style=\"width:100%;height:600px\" aria-label=\"Osadzone z Regulamin-konkursu-na-minigranty-edycja-2025.\"><\/object><a id=\"wp-block-file--media-c41c7e41-ff49-4e53-846d-516abef30a8f\" href=\"https:\/\/paramus.pl\/wp-content\/uploads\/2025\/04\/Regulamin-konkursu-na-minigranty-edycja-2025.pdf\">Regulamin-konkursu-na-minigranty-edycja-2025<\/a><a href=\"https:\/\/paramus.pl\/wp-content\/uploads\/2025\/04\/Regulamin-konkursu-na-minigranty-edycja-2025.pdf\" class=\"wp-block-file__button wp-element-button\" download aria-describedby=\"wp-block-file--media-c41c7e41-ff49-4e53-846d-516abef30a8f\">Pobierz<\/a><\/div>\n\n\n\n<div id=\"wp-block-themeisle-blocks-button-group-aa73b34e\" class=\"wp-block-themeisle-blocks-button-group wp-block-buttons\">\n<div id=\"wp-block-themeisle-blocks-button-0db7732e\" class=\"wp-block-themeisle-blocks-button wp-block-button\"><a target=\"_self\" rel=\"noopener noreferrer\" class=\"wp-block-button__link\"><span><\/span><\/a><\/div>\n<\/div>\n\n\n\n<div data-wp-interactive=\"core\/file\" class=\"wp-block-file\"><object data-wp-bind--hidden=\"!state.hasPdfPreview\" hidden class=\"wp-block-file__embed\" data=\"https:\/\/paramus.pl\/wp-content\/uploads\/2025\/03\/Deklaracja_Lidera_2025.pdf\" type=\"application\/pdf\" style=\"width:100%;height:600px\" aria-label=\"Osadzone z Deklaracja_Lidera_2025.\"><\/object><a id=\"wp-block-file--media-d64bde7f-09d0-4fa5-8b91-e4d5fc2f2e97\" href=\"https:\/\/paramus.pl\/wp-content\/uploads\/2025\/03\/Deklaracja_Lidera_2025.pdf\">Deklaracja_Lidera_2025<\/a><a href=\"https:\/\/paramus.pl\/wp-content\/uploads\/2025\/03\/Deklaracja_Lidera_2025.pdf\" class=\"wp-block-file__button wp-element-button\" download aria-describedby=\"wp-block-file--media-d64bde7f-09d0-4fa5-8b91-e4d5fc2f2e97\">Pobierz<\/a><\/div>\n\n\n\n<div data-wp-interactive=\"core\/file\" class=\"wp-block-file\"><object data-wp-bind--hidden=\"!state.hasPdfPreview\" hidden class=\"wp-block-file__embed\" data=\"https:\/\/paramus.pl\/wp-content\/uploads\/2025\/06\/Karta_OCENY_2025.pdf\" type=\"application\/pdf\" style=\"width:100%;height:600px\" aria-label=\"Osadzone z Karta_OCENY_2025.\"><\/object><a id=\"wp-block-file--media-42cad74c-61fc-494c-8a8f-0e2cf9017b55\" href=\"https:\/\/paramus.pl\/wp-content\/uploads\/2025\/06\/Karta_OCENY_2025.pdf\">Karta_OCENY_2025<\/a><a href=\"https:\/\/paramus.pl\/wp-content\/uploads\/2025\/06\/Karta_OCENY_2025.pdf\" class=\"wp-block-file__button wp-element-button\" download aria-describedby=\"wp-block-file--media-42cad74c-61fc-494c-8a8f-0e2cf9017b55\">Pobierz<\/a><\/div>\n\n\n\n<div class=\"wp-block-file\"><a id=\"wp-block-file--media-1a6a9d96-cb0e-408c-9e73-34a7438d9487\" href=\"https:\/\/paramus.pl\/wp-content\/uploads\/2026\/01\/Sprawozdanie.docx\">Sprawozdanie<\/a><a href=\"https:\/\/paramus.pl\/wp-content\/uploads\/2026\/01\/Sprawozdanie.docx\" class=\"wp-block-file__button wp-element-button\" download aria-describedby=\"wp-block-file--media-1a6a9d96-cb0e-408c-9e73-34a7438d9487\">Pobierz<\/a><\/div>\n\n\n\n<hr class=\"wp-block-separator has-alpha-channel-opacity\"\/>\n\n\n\n<p class=\"has-text-align-center\">Rejestracja wolontariuszy w Systemie Obs\u0142ugi Wolontariatu<\/p>\n\n\n\n<p class=\"has-text-align-center\"><a href=\"https:\/\/sow.korpussolidarnosci.gov.pl\/pl\/register\/volunteer\">https:\/\/sow.korpussolidarnosci.gov.pl\/pl\/register\/volunteer<\/a><\/p>\n\n\n\n<figure class=\"wp-block-image size-large\"><img loading=\"lazy\" decoding=\"async\" width=\"1024\" height=\"1024\" src=\"https:\/\/paramus.pl\/wp-content\/uploads\/2025\/01\/462607346_874393108164462_4065899804159791730_n-1024x1024.jpg\" alt=\"\" class=\"wp-image-1767\" srcset=\"https:\/\/paramus.pl\/wp-content\/uploads\/2025\/01\/462607346_874393108164462_4065899804159791730_n-1024x1024.jpg 1024w, https:\/\/paramus.pl\/wp-content\/uploads\/2025\/01\/462607346_874393108164462_4065899804159791730_n-300x300.jpg 300w, https:\/\/paramus.pl\/wp-content\/uploads\/2025\/01\/462607346_874393108164462_4065899804159791730_n-150x150.jpg 150w, https:\/\/paramus.pl\/wp-content\/uploads\/2025\/01\/462607346_874393108164462_4065899804159791730_n-768x768.jpg 768w, https:\/\/paramus.pl\/wp-content\/uploads\/2025\/01\/462607346_874393108164462_4065899804159791730_n-1536x1536.jpg 1536w, https:\/\/paramus.pl\/wp-content\/uploads\/2025\/01\/462607346_874393108164462_4065899804159791730_n.jpg 2048w\" sizes=\"auto, (max-width: 1024px) 100vw, 1024px\" \/><\/figure>\n","protected":false},"excerpt":{"rendered":"<p>Wsparcie Organizacji Wolontariatu w NGO 08.04.2025 Pierwszy nab\u00f3r wniosk\u00f3w na Minigranty WOW w NGO 2025 zako\u0144czony. Dofinansowanie otrzyma\u0142 projekt: &#8222;Zielona przysz\u0142o\u015b\u0107. Sad\u017amy razem&#8221; &#8211; lider Ma\u0142gorzata Obtu\u0142owicz Gratulujemy. 12.03.2025 MINIGRANTY WOW w NGO edycja 2025 Zmiana terminu: Wnioski w III etapie mo\u017cna sk\u0142ada\u0107 do 30.11.2025 Z rado\u015bci\u0105 zapraszamy wolontariuszy i wolontariuszki zarejestrowanych w Systemie Obs\u0142ugi&hellip;&nbsp;<a href=\"https:\/\/paramus.pl\/?page_id=1590\" rel=\"bookmark\">Dowiedz si\u0119 wi\u0119cej &raquo;<span class=\"screen-reader-text\">WOW w NGO<\/span><\/a><\/p>\n","protected":false},"author":2,"featured_media":0,"parent":0,"menu_order":0,"comment_status":"closed","ping_status":"closed","template":"","meta":{"_monsterinsights_skip_tracking":false,"_monsterinsights_sitenote_active":false,"_monsterinsights_sitenote_note":"","_monsterinsights_sitenote_category":0,"neve_meta_sidebar":"","neve_meta_container":"","neve_meta_enable_content_width":"","neve_meta_content_width":0,"neve_meta_title_alignment":"","neve_meta_author_avatar":"","neve_post_elements_order":"","neve_meta_disable_header":"","neve_meta_disable_footer":"","neve_meta_disable_title":"","_themeisle_gutenberg_block_has_review":false,"footnotes":""},"class_list":["post-1590","page","type-page","status-publish","hentry"],"_links":{"self":[{"href":"https:\/\/paramus.pl\/index.php?rest_route=\/wp\/v2\/pages\/1590","targetHints":{"allow":["GET"]}}],"collection":[{"href":"https:\/\/paramus.pl\/index.php?rest_route=\/wp\/v2\/pages"}],"about":[{"href":"https:\/\/paramus.pl\/index.php?rest_route=\/wp\/v2\/types\/page"}],"author":[{"embeddable":true,"href":"https:\/\/paramus.pl\/index.php?rest_route=\/wp\/v2\/users\/2"}],"replies":[{"embeddable":true,"href":"https:\/\/paramus.pl\/index.php?rest_route=%2Fwp%2Fv2%2Fcomments&post=1590"}],"version-history":[{"count":21,"href":"https:\/\/paramus.pl\/index.php?rest_route=\/wp\/v2\/pages\/1590\/revisions"}],"predecessor-version":[{"id":1947,"href":"https:\/\/paramus.pl\/index.php?rest_route=\/wp\/v2\/pages\/1590\/revisions\/1947"}],"wp:attachment":[{"href":"https:\/\/paramus.pl\/index.php?rest_route=%2Fwp%2Fv2%2Fmedia&parent=1590"}],"curies":[{"name":"wp","href":"https:\/\/api.w.org\/{rel}","templated":true}]}}