{"id":1608,"date":"2024-09-02T13:16:44","date_gmt":"2024-09-02T11:16:44","guid":{"rendered":"https:\/\/paramus.pl\/?page_id=1608"},"modified":"2025-09-16T16:13:55","modified_gmt":"2025-09-16T14:13:55","slug":"konkurs-wolontariusz-i-koordynator-roku","status":"publish","type":"page","link":"https:\/\/paramus.pl\/?page_id=1608","title":{"rendered":"Konkurs Wolontariusz i Koordynator Roku"},"content":{"rendered":"\n<p class=\"has-text-align-center\"><strong>KONKURS WOLONTARIUSZ i KOORDYNATOR ROKU 2025<\/strong><\/p>\n\n\n\n<figure class=\"wp-block-gallery has-nested-images columns-default is-cropped wp-block-gallery-1 is-layout-flex wp-block-gallery-is-layout-flex\">\n<figure class=\"wp-block-image size-large\"><img loading=\"lazy\" decoding=\"async\" width=\"819\" height=\"1024\" data-id=\"1909\" src=\"https:\/\/paramus.pl\/wp-content\/uploads\/2025\/09\/Zlecenie-20_NIW_wolontariusz_Grafika-4_1080x1350-1-819x1024.jpg\" alt=\"\" class=\"wp-image-1909\" srcset=\"https:\/\/paramus.pl\/wp-content\/uploads\/2025\/09\/Zlecenie-20_NIW_wolontariusz_Grafika-4_1080x1350-1-819x1024.jpg 819w, https:\/\/paramus.pl\/wp-content\/uploads\/2025\/09\/Zlecenie-20_NIW_wolontariusz_Grafika-4_1080x1350-1-240x300.jpg 240w, https:\/\/paramus.pl\/wp-content\/uploads\/2025\/09\/Zlecenie-20_NIW_wolontariusz_Grafika-4_1080x1350-1-768x960.jpg 768w, https:\/\/paramus.pl\/wp-content\/uploads\/2025\/09\/Zlecenie-20_NIW_wolontariusz_Grafika-4_1080x1350-1.jpg 1080w\" sizes=\"auto, (max-width: 819px) 100vw, 819px\" \/><\/figure>\n<\/figure>\n\n\n\n<p><img loading=\"lazy\" decoding=\"async\" height=\"16\" width=\"16\" alt=\"\u2728\" src=\"https:\/\/static.xx.fbcdn.net\/images\/emoji.php\/v9\/tf4\/1\/16\/2728.png\"> Doceniajmy tych, kt\u00f3rzy zmieniaj\u0105 \u015bwiat na lepsze! <img loading=\"lazy\" decoding=\"async\" height=\"16\" width=\"16\" alt=\"\u2728\" src=\"https:\/\/static.xx.fbcdn.net\/images\/emoji.php\/v9\/tf4\/1\/16\/2728.png\"><\/p>\n\n\n\n<p><a><\/a>Tak by\u0142o w ubieg\u0142ym roku a tymczasem, do 13 pa\u017adziernika mo\u017cecie zg\u0142asza\u0107 swoje kandydatury do tytu\u0142u Koordynatora Roku i Wolontariusza Roku. To wyj\u0105tkowa okazja, by podzi\u0119kowa\u0107 osobom, kt\u00f3re z pasj\u0105, sercem i ogromnym zaanga\u017cowaniem wspieraj\u0105 innych \u2013 cz\u0119sto bez rozg\u0142osu, w cieniu, a jednak z ogromnym wp\u0142ywem na nasze spo\u0142eczno\u015bci. <img loading=\"lazy\" decoding=\"async\" height=\"16\" width=\"16\" alt=\"\ud83d\udc99\" src=\"https:\/\/static.xx.fbcdn.net\/images\/emoji.php\/v9\/t6c\/1\/16\/1f499.png\"><\/p>\n\n\n\n<p>Nie odk\u0142adajcie tego na p\u00f3\u017aniej. Po\u015bwi\u0119\u0107cie kilka minut, aby wype\u0142ni\u0107 formularz. To drobny gest, kt\u00f3ry mo\u017ce sta\u0107 si\u0119 wielk\u0105 nagrod\u0105 dla tych, kt\u00f3rzy daj\u0105 nam przyk\u0142ad odwagi, bezinteresowno\u015bci i mi\u0142o\u015bci do drugiego cz\u0142owieka. <img loading=\"lazy\" decoding=\"async\" height=\"16\" width=\"16\" alt=\"\ud83d\ude4c\" src=\"https:\/\/static.xx.fbcdn.net\/images\/emoji.php\/v9\/tfd\/1\/16\/1f64c.png\"><\/p>\n\n\n\n<p><img loading=\"lazy\" decoding=\"async\" height=\"16\" width=\"16\" alt=\"\ud83d\udc49\" src=\"https:\/\/static.xx.fbcdn.net\/images\/emoji.php\/v9\/t51\/1\/16\/1f449.png\"> Zg\u0142o\u015b swojego kandydata\/kandydatk\u0119 ju\u017c dzi\u015b!<\/p>\n\n\n\n<p>Bo ka\u017cdy bohater zas\u0142uguje na to, by o nim us\u0142yszano. <img loading=\"lazy\" decoding=\"async\" height=\"16\" width=\"16\" src=\"https:\/\/static.xx.fbcdn.net\/images\/emoji.php\/v9\/te0\/1\/16\/1f31f.png\" alt=\"\ud83c\udf1f\"><\/p>\n\n\n\n<p>Szczeg\u00f3\u0142y <a href=\"https:\/\/www.korpussolidarnosci.gov.pl\/pl\/art\/ruszaja-konkursy-na-wybor-wolontariusza-i-koordynatora-roku-2025.206.html\">https:\/\/www.korpussolidarnosci.gov.pl\/pl\/art\/ruszaja-konkursy-na-wybor-wolontariusza-i-koordynatora-roku-2025.206.html<\/a> <\/p>\n\n\n\n<hr class=\"wp-block-separator has-alpha-channel-opacity\"\/>\n\n\n\n<hr class=\"wp-block-separator has-alpha-channel-opacity\"\/>\n\n\n\n<p>Podzi\u0119kuj wolontariuszowi &#8211; we\u017a udzia\u0142 w konkursie&nbsp;<em>Wolontariusz Roku Korpusu Solidarno\u015bci 2024!<\/em><\/p>\n\n\n\n<p>Doce\u0144 koordynatora wolontariatu &#8211; zapraszamy do udzia\u0142u w konkursie&nbsp;<em>Koordynator Roku Korpusu Solidarno\u015bci 2024!<\/em><\/p>\n\n\n\n<figure class=\"wp-block-image size-large is-resized\"><img loading=\"lazy\" decoding=\"async\" width=\"1024\" height=\"1024\" src=\"https:\/\/paramus.pl\/wp-content\/uploads\/2024\/09\/NIW_wolontariusz_nr3_1080x1080px-1024x1024.jpg\" alt=\"\" class=\"wp-image-1609\" style=\"width:722px;height:auto\" srcset=\"https:\/\/paramus.pl\/wp-content\/uploads\/2024\/09\/NIW_wolontariusz_nr3_1080x1080px-1024x1024.jpg 1024w, https:\/\/paramus.pl\/wp-content\/uploads\/2024\/09\/NIW_wolontariusz_nr3_1080x1080px-300x300.jpg 300w, https:\/\/paramus.pl\/wp-content\/uploads\/2024\/09\/NIW_wolontariusz_nr3_1080x1080px-150x150.jpg 150w, https:\/\/paramus.pl\/wp-content\/uploads\/2024\/09\/NIW_wolontariusz_nr3_1080x1080px-768x768.jpg 768w, https:\/\/paramus.pl\/wp-content\/uploads\/2024\/09\/NIW_wolontariusz_nr3_1080x1080px.jpg 1440w\" sizes=\"auto, (max-width: 1024px) 100vw, 1024px\" \/><\/figure>\n\n\n\n<p><em>Organizatorem Konkursu jest Narodowy Instytut Wolno\u015bci &#8211; Centrum Rozwoju Spo\u0142ecze\u0144stwa Obywatelskiego realizator programu Korpus Solidarno\u015bci &#8211; Rz\u0105dowy Program Wspierania i Rozwoju Wolontariatu Systematycznego na lata 2018-2030 we wsp\u00f3\u0142pracy z Partnerami Programu w ca\u0142ym kraju.<\/em><\/p>\n\n\n\n<p><strong>Konkurs trwa do 29 wrze\u015bnia 2024r.&nbsp;<\/strong><\/p>\n\n\n\n<p>Zg\u0142osze\u0144 mo\u017cna dokonywa\u0107 za po\u015brednictwem:<\/p>\n\n\n\n<ul class=\"wp-block-list\">\n<li>Systemu Obs\u0142ugi Wolontariatu SOW (zak\u0142adka Wolontariusz i Koordynator Roku) link&nbsp;<a href=\"https:\/\/sow.korpussolidarnosci.gov.pl\/pl\/login\">TUTAJ<\/a>&nbsp;&#8211; dla os\u00f3b posiadaj\u0105cych konto w SOW<\/li>\n\n\n\n<li>formularza dost\u0119pnego na stronie internetowej Korpusu Solidarno\u015bci link&nbsp;<a href=\"https:\/\/www.korpussolidarnosci.gov.pl\/pl\/page\/top\/korpus-solidarnosci\/konkursy-wolontariusz-roku-koordynator-roku\/zglos-laureata.html\">TUTAJ<\/a>&nbsp;&#8211; dla os\u00f3b nie posiadaj\u0105cych konta w SOW, chc\u0105cych zg\u0142osi\u0107 czyj\u0105\u015b kandydatur\u0119 w konkursie<\/li>\n<\/ul>\n\n\n\n<p class=\"has-text-align-center has-nv-dark-bg-color has-neve-link-hover-color-background-color has-text-color has-background has-link-color has-medium-font-size wp-elements-9ee333947c952c289c22a78211208b86\"><strong>WOLONTARIUSZ ROKU  REGULAMIN<\/strong><\/p>\n\n\n\n<p><\/p>\n\n\n\n<div data-wp-interactive=\"core\/file\" class=\"wp-block-file\"><object data-wp-bind--hidden=\"!state.hasPdfPreview\" hidden class=\"wp-block-file__embed\" data=\"https:\/\/paramus.pl\/wp-content\/uploads\/2024\/09\/Wolontariusz-Roku-Korpusu-Solidarnosci-2024-REGULAMIN-KONKURSU.pdf\" type=\"application\/pdf\" style=\"width:100%;height:600px\" aria-label=\"Osadzone z Wolontariusz Roku Korpusu Solidarno\u015bci 2024 REGULAMIN KONKURSU.\"><\/object><a id=\"wp-block-file--media-1df02584-bd2f-4f00-a9e7-c8f4a5bc25eb\" href=\"https:\/\/paramus.pl\/wp-content\/uploads\/2024\/09\/Wolontariusz-Roku-Korpusu-Solidarnosci-2024-REGULAMIN-KONKURSU.pdf\">Wolontariusz Roku Korpusu Solidarno\u015bci 2024 REGULAMIN KONKURSU<\/a><a href=\"https:\/\/paramus.pl\/wp-content\/uploads\/2024\/09\/Wolontariusz-Roku-Korpusu-Solidarnosci-2024-REGULAMIN-KONKURSU.pdf\" class=\"wp-block-file__button wp-element-button\" download aria-describedby=\"wp-block-file--media-1df02584-bd2f-4f00-a9e7-c8f4a5bc25eb\">Pobierz<\/a><\/div>\n\n\n\n<p><\/p>\n\n\n\n<p class=\"has-text-align-center has-nv-dark-bg-color has-neve-link-hover-color-background-color has-text-color has-background has-link-color has-medium-font-size wp-elements-9e6715a2b1a09b95ba5fc9d8b347dfa9\"><strong>KOORDYNATOR ROKU &#8211; REGULAMIN<\/strong><\/p>\n\n\n\n<div data-wp-interactive=\"core\/file\" class=\"wp-block-file\"><object data-wp-bind--hidden=\"!state.hasPdfPreview\" hidden class=\"wp-block-file__embed\" data=\"https:\/\/paramus.pl\/wp-content\/uploads\/2024\/09\/Koordynator-Roku-Korpusu-Solidarnosci-2024-REGULAMIN-KONKURSU.pdf\" type=\"application\/pdf\" style=\"width:100%;height:600px\" aria-label=\"Osadzone z Koordynator Roku Korpusu Solidarno\u015bci 2024 REGULAMIN KONKURSU.\"><\/object><a id=\"wp-block-file--media-f61a8bf9-132a-4288-af1b-e187f87ce872\" href=\"https:\/\/paramus.pl\/wp-content\/uploads\/2024\/09\/Koordynator-Roku-Korpusu-Solidarnosci-2024-REGULAMIN-KONKURSU.pdf\">Koordynator Roku Korpusu Solidarno\u015bci 2024 REGULAMIN KONKURSU<\/a><a href=\"https:\/\/paramus.pl\/wp-content\/uploads\/2024\/09\/Koordynator-Roku-Korpusu-Solidarnosci-2024-REGULAMIN-KONKURSU.pdf\" class=\"wp-block-file__button wp-element-button\" download aria-describedby=\"wp-block-file--media-f61a8bf9-132a-4288-af1b-e187f87ce872\">Pobierz<\/a><\/div>\n","protected":false},"excerpt":{"rendered":"<p>KONKURS WOLONTARIUSZ i KOORDYNATOR ROKU 2025 Doceniajmy tych, kt\u00f3rzy zmieniaj\u0105 \u015bwiat na lepsze! Tak by\u0142o w ubieg\u0142ym roku a tymczasem, do 13 pa\u017adziernika mo\u017cecie zg\u0142asza\u0107 swoje kandydatury do tytu\u0142u Koordynatora Roku i Wolontariusza Roku. To wyj\u0105tkowa okazja, by podzi\u0119kowa\u0107 osobom, kt\u00f3re z pasj\u0105, sercem i ogromnym zaanga\u017cowaniem wspieraj\u0105 innych \u2013 cz\u0119sto bez rozg\u0142osu, w cieniu,&hellip;&nbsp;<a href=\"https:\/\/paramus.pl\/?page_id=1608\" rel=\"bookmark\">Dowiedz si\u0119 wi\u0119cej &raquo;<span class=\"screen-reader-text\">Konkurs Wolontariusz i Koordynator Roku<\/span><\/a><\/p>\n","protected":false},"author":2,"featured_media":0,"parent":0,"menu_order":0,"comment_status":"closed","ping_status":"closed","template":"","meta":{"_monsterinsights_skip_tracking":false,"_monsterinsights_sitenote_active":false,"_monsterinsights_sitenote_note":"","_monsterinsights_sitenote_category":0,"neve_meta_sidebar":"","neve_meta_container":"","neve_meta_enable_content_width":"","neve_meta_content_width":0,"neve_meta_title_alignment":"","neve_meta_author_avatar":"","neve_post_elements_order":"","neve_meta_disable_header":"","neve_meta_disable_footer":"","neve_meta_disable_title":"","_themeisle_gutenberg_block_has_review":false,"footnotes":""},"class_list":["post-1608","page","type-page","status-publish","hentry"],"_links":{"self":[{"href":"https:\/\/paramus.pl\/index.php?rest_route=\/wp\/v2\/pages\/1608","targetHints":{"allow":["GET"]}}],"collection":[{"href":"https:\/\/paramus.pl\/index.php?rest_route=\/wp\/v2\/pages"}],"about":[{"href":"https:\/\/paramus.pl\/index.php?rest_route=\/wp\/v2\/types\/page"}],"author":[{"embeddable":true,"href":"https:\/\/paramus.pl\/index.php?rest_route=\/wp\/v2\/users\/2"}],"replies":[{"embeddable":true,"href":"https:\/\/paramus.pl\/index.php?rest_route=%2Fwp%2Fv2%2Fcomments&post=1608"}],"version-history":[{"count":2,"href":"https:\/\/paramus.pl\/index.php?rest_route=\/wp\/v2\/pages\/1608\/revisions"}],"predecessor-version":[{"id":1910,"href":"https:\/\/paramus.pl\/index.php?rest_route=\/wp\/v2\/pages\/1608\/revisions\/1910"}],"wp:attachment":[{"href":"https:\/\/paramus.pl\/index.php?rest_route=%2Fwp%2Fv2%2Fmedia&parent=1608"}],"curies":[{"name":"wp","href":"https:\/\/api.w.org\/{rel}","templated":true}]}}