{"id":1919,"date":"2025-10-29T14:54:41","date_gmt":"2025-10-29T13:54:41","guid":{"rendered":"https:\/\/paramus.pl\/?page_id=1919"},"modified":"2025-10-29T15:18:29","modified_gmt":"2025-10-29T14:18:29","slug":"zywiecka-gwiazda-wolontariatu-2025","status":"publish","type":"page","link":"https:\/\/paramus.pl\/?page_id=1919","title":{"rendered":"\u017bywiecka Gwiazda Wolontariatu 2025"},"content":{"rendered":"\n<p>\ud83c\udf1f <strong>\u017bywiecka Gwiazda Wolontariatu 2025 \u2013 rusza trzecia edycja!<\/strong> \ud83c\udf1f<\/p>\n\n\n\n<p>Z rado\u015bci\u0105 og\u0142aszamy, \u017ce ju\u017c <strong>po raz trzeci<\/strong> wybierzemy <strong>\u017bywieck\u0105 Gwiazd\u0119 Wolontariatu<\/strong> \u2013 wyj\u0105tkowe osoby, kt\u00f3re swoj\u0105 pasj\u0105, zaanga\u017cowaniem i sercem na co dzie\u0144 roz\u015bwietlaj\u0105 \u017cycie innych.<\/p>\n\n\n\n<p>Konkurs ma na celu uhonorowanie wolontariuszy i wolontariuszek, koordynator\u00f3w i koordynatorki z \u017bywiecczyzny, kt\u00f3rzy bezinteresownie nios\u0105 pomoc, inspiruj\u0105 i pokazuj\u0105, \u017ce dobro naprawd\u0119 ma moc! \ud83d\udc9b<\/p>\n\n\n\n<p>Na tej stronie znajdziesz wszystkie informacje o konkursie, kategorie, regulamin oraz formularz zg\u0142oszeniowy.<br>Niech Twoja dobro\u0107 zab\u0142y\u015bnie \u2013 zosta\u0144 <strong>\u017bywieck\u0105 Gwiazd\u0105 Wolontariatu 2025!<\/strong> \u2728<\/p>\n\n\n\n<figure class=\"wp-block-gallery has-nested-images columns-default is-cropped wp-block-gallery-1 is-layout-flex wp-block-gallery-is-layout-flex\">\n<figure class=\"wp-block-image size-large\"><img loading=\"lazy\" decoding=\"async\" width=\"1024\" height=\"1024\" data-id=\"1927\" src=\"https:\/\/paramus.pl\/wp-content\/uploads\/2025\/10\/12.GwiazdaWolontariatu-1-1024x1024.png\" alt=\"\" class=\"wp-image-1927\" srcset=\"https:\/\/paramus.pl\/wp-content\/uploads\/2025\/10\/12.GwiazdaWolontariatu-1-1024x1024.png 1024w, https:\/\/paramus.pl\/wp-content\/uploads\/2025\/10\/12.GwiazdaWolontariatu-1-300x300.png 300w, https:\/\/paramus.pl\/wp-content\/uploads\/2025\/10\/12.GwiazdaWolontariatu-1-150x150.png 150w, https:\/\/paramus.pl\/wp-content\/uploads\/2025\/10\/12.GwiazdaWolontariatu-1-768x768.png 768w, https:\/\/paramus.pl\/wp-content\/uploads\/2025\/10\/12.GwiazdaWolontariatu-1-1536x1536.png 1536w, https:\/\/paramus.pl\/wp-content\/uploads\/2025\/10\/12.GwiazdaWolontariatu-1-2048x2048.png 2048w\" sizes=\"auto, (max-width: 1024px) 100vw, 1024px\" \/><\/figure>\n<\/figure>\n\n\n\n<p class=\"has-text-align-center has-nv-site-bg-color has-nv-dark-bg-background-color has-text-color has-background has-link-color has-medium-font-size wp-elements-94c0a8a5f85de1298019f5ac54d28568\">REGULAMIN<\/p>\n\n\n\n<p class=\"has-text-align-center has-nv-site-bg-color has-nv-dark-bg-background-color has-text-color has-background has-link-color has-medium-font-size wp-elements-4732a4512231d39f38a022fad3d05749\">\u017bYWIECKA GWIAZDA WOLONTARIATU 2025<\/p>\n\n\n\n<div data-wp-interactive=\"core\/file\" class=\"wp-block-file\"><object data-wp-bind--hidden=\"!state.hasPdfPreview\" hidden class=\"wp-block-file__embed\" data=\"https:\/\/paramus.pl\/wp-content\/uploads\/2025\/10\/Zywiecka-Gwiazda-Wolontariatu-2025.pdf\" type=\"application\/pdf\" style=\"width:100%;height:600px\" aria-label=\"Osadzone z Zywiecka-Gwiazda-Wolontariatu-2025.\"><\/object><a id=\"wp-block-file--media-3fc5793d-2f9d-4c2b-b600-d394da9e09f5\" href=\"https:\/\/paramus.pl\/wp-content\/uploads\/2025\/10\/Zywiecka-Gwiazda-Wolontariatu-2025.pdf\">Zywiecka-Gwiazda-Wolontariatu-2025<\/a><a href=\"https:\/\/paramus.pl\/wp-content\/uploads\/2025\/10\/Zywiecka-Gwiazda-Wolontariatu-2025.pdf\" class=\"wp-block-file__button wp-element-button\" download aria-describedby=\"wp-block-file--media-3fc5793d-2f9d-4c2b-b600-d394da9e09f5\">Pobierz<\/a><\/div>\n\n\n\n<div class=\"wp-block-buttons is-layout-flex wp-block-buttons-is-layout-flex\">\n<div class=\"wp-block-button has-custom-width wp-block-button__width-100\"><a class=\"wp-block-button__link has-nv-dark-bg-background-color has-background wp-element-button\" href=\"https:\/\/docs.google.com\/forms\/d\/1xG4L2yA8_3gGlATEjopHHt4cBTHTggjoUQsRH-7rUR8\/edit\">FORMULARZ ZG\u0141OSZENIOWY<\/a><\/div>\n<\/div>\n\n\n\n<figure class=\"wp-block-gallery has-nested-images columns-default is-cropped wp-block-gallery-2 is-layout-flex wp-block-gallery-is-layout-flex\"><\/figure>\n","protected":false},"excerpt":{"rendered":"<p>\ud83c\udf1f \u017bywiecka Gwiazda Wolontariatu 2025 \u2013 rusza trzecia edycja! \ud83c\udf1f Z rado\u015bci\u0105 og\u0142aszamy, \u017ce ju\u017c po raz trzeci wybierzemy \u017bywieck\u0105 Gwiazd\u0119 Wolontariatu \u2013 wyj\u0105tkowe osoby, kt\u00f3re swoj\u0105 pasj\u0105, zaanga\u017cowaniem i sercem na co dzie\u0144 roz\u015bwietlaj\u0105 \u017cycie innych. Konkurs ma na celu uhonorowanie wolontariuszy i wolontariuszek, koordynator\u00f3w i koordynatorki z \u017bywiecczyzny, kt\u00f3rzy bezinteresownie nios\u0105 pomoc, inspiruj\u0105&hellip;&nbsp;<a href=\"https:\/\/paramus.pl\/?page_id=1919\" rel=\"bookmark\">Dowiedz si\u0119 wi\u0119cej &raquo;<span class=\"screen-reader-text\">\u017bywiecka Gwiazda Wolontariatu 2025<\/span><\/a><\/p>\n","protected":false},"author":2,"featured_media":0,"parent":0,"menu_order":0,"comment_status":"closed","ping_status":"closed","template":"","meta":{"_monsterinsights_skip_tracking":false,"_monsterinsights_sitenote_active":false,"_monsterinsights_sitenote_note":"","_monsterinsights_sitenote_category":0,"neve_meta_sidebar":"","neve_meta_container":"","neve_meta_enable_content_width":"","neve_meta_content_width":0,"neve_meta_title_alignment":"","neve_meta_author_avatar":"","neve_post_elements_order":"","neve_meta_disable_header":"","neve_meta_disable_footer":"","neve_meta_disable_title":"","_themeisle_gutenberg_block_has_review":false,"footnotes":""},"class_list":["post-1919","page","type-page","status-publish","hentry"],"_links":{"self":[{"href":"https:\/\/paramus.pl\/index.php?rest_route=\/wp\/v2\/pages\/1919","targetHints":{"allow":["GET"]}}],"collection":[{"href":"https:\/\/paramus.pl\/index.php?rest_route=\/wp\/v2\/pages"}],"about":[{"href":"https:\/\/paramus.pl\/index.php?rest_route=\/wp\/v2\/types\/page"}],"author":[{"embeddable":true,"href":"https:\/\/paramus.pl\/index.php?rest_route=\/wp\/v2\/users\/2"}],"replies":[{"embeddable":true,"href":"https:\/\/paramus.pl\/index.php?rest_route=%2Fwp%2Fv2%2Fcomments&post=1919"}],"version-history":[{"count":4,"href":"https:\/\/paramus.pl\/index.php?rest_route=\/wp\/v2\/pages\/1919\/revisions"}],"predecessor-version":[{"id":1930,"href":"https:\/\/paramus.pl\/index.php?rest_route=\/wp\/v2\/pages\/1919\/revisions\/1930"}],"wp:attachment":[{"href":"https:\/\/paramus.pl\/index.php?rest_route=%2Fwp%2Fv2%2Fmedia&parent=1919"}],"curies":[{"name":"wp","href":"https:\/\/api.w.org\/{rel}","templated":true}]}}