{"id":432,"date":"2021-04-20T10:51:26","date_gmt":"2021-04-20T08:51:26","guid":{"rendered":"https:\/\/paramus.pl\/?page_id=432"},"modified":"2021-10-18T22:00:49","modified_gmt":"2021-10-18T20:00:49","slug":"nad-sola-i-koszarawa","status":"publish","type":"page","link":"https:\/\/paramus.pl\/?page_id=432","title":{"rendered":"Nad So\u0142\u0105 i Koszaraw\u0105"},"content":{"rendered":"\n<div class=\"wp-block-cover alignfull has-background-dim-20 has-background-dim\" style=\"min-height:488px;aspect-ratio:unset;\"><img loading=\"lazy\" decoding=\"async\" width=\"2560\" height=\"1704\" class=\"wp-block-cover__image-background wp-image-719\" alt=\"\" src=\"https:\/\/paramus.pl\/wp-content\/uploads\/2021\/04\/lato-2-of-11-scaled.jpg\" data-object-fit=\"cover\" srcset=\"https:\/\/paramus.pl\/wp-content\/uploads\/2021\/04\/lato-2-of-11-scaled.jpg 2560w, https:\/\/paramus.pl\/wp-content\/uploads\/2021\/04\/lato-2-of-11-300x200.jpg 300w, https:\/\/paramus.pl\/wp-content\/uploads\/2021\/04\/lato-2-of-11-1024x681.jpg 1024w, https:\/\/paramus.pl\/wp-content\/uploads\/2021\/04\/lato-2-of-11-768x511.jpg 768w, https:\/\/paramus.pl\/wp-content\/uploads\/2021\/04\/lato-2-of-11-1536x1022.jpg 1536w, https:\/\/paramus.pl\/wp-content\/uploads\/2021\/04\/lato-2-of-11-2048x1363.jpg 2048w, https:\/\/paramus.pl\/wp-content\/uploads\/2021\/04\/lato-2-of-11-930x620.jpg 930w\" sizes=\"auto, (max-width: 2560px) 100vw, 2560px\" \/><div class=\"wp-block-cover__inner-container is-layout-flow wp-block-cover-is-layout-flow\">\n<h1 class=\"has-text-align-center has-white-color has-text-color wp-block-heading\">Miesi\u0119cznik lokalnej spo\u0142eczno\u015bci <\/h1>\n\n\n\n<div style=\"height:40px\" aria-hidden=\"true\" class=\"wp-block-spacer\"><\/div>\n\n\n\n<div class=\"wp-block-group\"><div class=\"wp-block-group__inner-container is-layout-flow wp-block-group-is-layout-flow\">\n<div class=\"wp-block-buttons is-content-justification-center is-layout-flex wp-block-buttons-is-layout-flex\">\n<div class=\"wp-block-button is-style-primary\"><a class=\"wp-block-button__link has-nv-dark-bg-color has-nv-site-bg-background-color has-text-color has-background\" href=\"https:\/\/www.facebook.com\/Nad-So\u0142\u0105-i-Koszaraw\u0105-109086440641131\" target=\"_blank\" rel=\"noreferrer noopener\">obserwuj nas na facebooku<\/a><\/div>\n<\/div>\n<\/div><\/div>\n<\/div><\/div>\n\n\n\n<hr class=\"wp-block-separator\"\/>\n\n\n\n<p class=\"has-medium-font-size\"><strong>&#8222;Nad So\u0142\u0105 i Koszaraw\u0105&#8221; &#8211; pa\u017adziernik <\/strong><\/p>\n\n\n\n<div class=\"wp-block-media-text alignwide is-stacked-on-mobile\" style=\"grid-template-columns:44% auto\"><figure class=\"wp-block-media-text__media\"><img loading=\"lazy\" decoding=\"async\" width=\"700\" height=\"1024\" src=\"https:\/\/paramus.pl\/wp-content\/uploads\/2021\/10\/NSiK5323-1-700x1024.jpg\" alt=\"\" class=\"wp-image-1094 size-full\" srcset=\"https:\/\/paramus.pl\/wp-content\/uploads\/2021\/10\/NSiK5323-1-700x1024.jpg 700w, https:\/\/paramus.pl\/wp-content\/uploads\/2021\/10\/NSiK5323-1-205x300.jpg 205w, https:\/\/paramus.pl\/wp-content\/uploads\/2021\/10\/NSiK5323-1-768x1124.jpg 768w, https:\/\/paramus.pl\/wp-content\/uploads\/2021\/10\/NSiK5323-1-1050x1536.jpg 1050w, https:\/\/paramus.pl\/wp-content\/uploads\/2021\/10\/NSiK5323-1-1399x2048.jpg 1399w, https:\/\/paramus.pl\/wp-content\/uploads\/2021\/10\/NSiK5323-1-scaled.jpg 1749w\" sizes=\"auto, (max-width: 700px) 100vw, 700px\" \/><\/figure><div class=\"wp-block-media-text__content\">\n<p>W pa\u017adziernikowym numerze &#8222;Nad So\u0142\u0105 i Koszaraw\u0105 mi\u0119dzy innymi:<br> Dok\u0105d zmierzamy? &#8211; felieton Kazimierza Semika<br> Kosmos w Zab\u0142ociu &#8211; relacja z pikniku naukowego<br> Nieznane nam muzeum w s\u0142owackiej Czadcy &#8211; Jerzy Talik<br>Emil Zegad\u0142owicz widziany inaczej &#8211; Barbara Fry\u015b-Dzikowska<br>Rok 2021- Rokiem Stanis\u0142awa Lema &#8211; Barbara Czub<br> Piknik Kazimierzowski &#8211; Rajcza celebrowa\u0142a historyczne wydarzenie &#8211; Teresa Cima\u0142a<br>Zapraszamy<\/p>\n<\/div><\/div>\n\n\n\n<hr class=\"wp-block-separator\"\/>\n\n\n\n<p class=\"has-medium-font-size\"><strong>Wrzesie\u0144 w &#8222;Nad So\u0142\u0105 i Koszaraw\u0105&#8221;<\/strong><\/p>\n\n\n\n<div class=\"wp-block-media-text alignwide has-media-on-the-right is-stacked-on-mobile\" style=\"grid-template-columns:auto 53%\"><figure class=\"wp-block-media-text__media\"><img loading=\"lazy\" decoding=\"async\" width=\"1024\" height=\"550\" src=\"https:\/\/paramus.pl\/wp-content\/uploads\/2021\/10\/241010142_406039660945806_3365246115025382717_n-1024x550.jpg\" alt=\"\" class=\"wp-image-1095 size-full\" srcset=\"https:\/\/paramus.pl\/wp-content\/uploads\/2021\/10\/241010142_406039660945806_3365246115025382717_n-1024x550.jpg 1024w, https:\/\/paramus.pl\/wp-content\/uploads\/2021\/10\/241010142_406039660945806_3365246115025382717_n-300x161.jpg 300w, https:\/\/paramus.pl\/wp-content\/uploads\/2021\/10\/241010142_406039660945806_3365246115025382717_n-768x412.jpg 768w, https:\/\/paramus.pl\/wp-content\/uploads\/2021\/10\/241010142_406039660945806_3365246115025382717_n-1536x824.jpg 1536w, https:\/\/paramus.pl\/wp-content\/uploads\/2021\/10\/241010142_406039660945806_3365246115025382717_n.jpg 2048w\" sizes=\"auto, (max-width: 1024px) 100vw, 1024px\" \/><\/figure><div class=\"wp-block-media-text__content\">\n<p>Wrze\u015bniowy numer, a w nim mi\u0119dzy innymi:<br> Czy potrafimy wyci\u0105gn\u0105\u0107 wnioski z tragedii 1 wrze\u015bnia 1939 roku?<br> Oddzia\u0142 Kardiologiczny ju\u017c pracuje.<br> Wakacyjne dyrdyma\u0142ki polityczne (przytulisko)<br> 50 lecie Mi\u0119dzygminnego Ko\u0142a Pszczelarzy w Gilowicach<br> Zawsze warto szuka\u0107 szcz\u0119\u015bcia<\/p>\n<\/div><\/div>\n\n\n\n<p class=\"has-medium-font-size\"><strong>Sierpie\u0144 w &#8222;Nad So\u0142\u0105 i Koszaraw\u0105&#8221;<\/strong><\/p>\n\n\n\n<div class=\"wp-block-media-text alignwide is-stacked-on-mobile\" style=\"grid-template-columns:41% auto\"><figure class=\"wp-block-media-text__media\"><img loading=\"lazy\" decoding=\"async\" width=\"700\" height=\"1024\" src=\"https:\/\/paramus.pl\/wp-content\/uploads\/2021\/10\/NSiK5305-1-700x1024.jpg\" alt=\"\" class=\"wp-image-1093 size-full\" srcset=\"https:\/\/paramus.pl\/wp-content\/uploads\/2021\/10\/NSiK5305-1-700x1024.jpg 700w, https:\/\/paramus.pl\/wp-content\/uploads\/2021\/10\/NSiK5305-1-205x300.jpg 205w, https:\/\/paramus.pl\/wp-content\/uploads\/2021\/10\/NSiK5305-1-768x1124.jpg 768w, https:\/\/paramus.pl\/wp-content\/uploads\/2021\/10\/NSiK5305-1-1050x1536.jpg 1050w, https:\/\/paramus.pl\/wp-content\/uploads\/2021\/10\/NSiK5305-1-1399x2048.jpg 1399w, https:\/\/paramus.pl\/wp-content\/uploads\/2021\/10\/NSiK5305-1-scaled.jpg 1749w\" sizes=\"auto, (max-width: 700px) 100vw, 700px\" \/><\/figure><div class=\"wp-block-media-text__content\">\n<p><br>W numerze m.in.:<br> \u201eCzarna owca\u201d w rodzinie \u017cywieckich Habsburg\u00f3w &#8211; artyku\u0142 Jerzego Talika<br> Felieton Kazimierza Semika &#8222;Letni galimatias polityczny&#8221;<br>&#8222;Cudze chwalicie &#8211; swego nie znacie, sami nie wiecie, co posiadacie&#8221; &#8211; Barbara Fry\u015b-Dzikowska wakacyjnie zaprasza nad Ba\u0142tyk<br> &#8222;Spotkanie po latach&#8221; &#8211; materia\u0142 Jana \u0141uczaka<br>&#8222;Puzoni\u015bci i tubi\u015bci spotkali si\u0119 po raz pi\u0119tnasty&#8217; &#8211; artyku\u0142 Teresy Cima\u0142y<\/p>\n<\/div><\/div>\n\n\n\n<p class=\"has-medium-font-size\"><strong>&#8222;Nad So\u0142\u0105 i Koszaraw\u0105&#8221; &#8211; lipiec 2021<\/strong><\/p>\n\n\n\n<div class=\"wp-block-media-text alignwide has-media-on-the-right is-stacked-on-mobile\" style=\"grid-template-columns:auto 40%\"><figure class=\"wp-block-media-text__media\"><img loading=\"lazy\" decoding=\"async\" width=\"700\" height=\"1024\" src=\"https:\/\/paramus.pl\/wp-content\/uploads\/2021\/10\/529-700x1024.jpg\" alt=\"\" class=\"wp-image-1092 size-full\" srcset=\"https:\/\/paramus.pl\/wp-content\/uploads\/2021\/10\/529-700x1024.jpg 700w, https:\/\/paramus.pl\/wp-content\/uploads\/2021\/10\/529-205x300.jpg 205w, https:\/\/paramus.pl\/wp-content\/uploads\/2021\/10\/529-768x1124.jpg 768w, https:\/\/paramus.pl\/wp-content\/uploads\/2021\/10\/529-1049x1536.jpg 1049w, https:\/\/paramus.pl\/wp-content\/uploads\/2021\/10\/529.jpg 1399w\" sizes=\"auto, (max-width: 700px) 100vw, 700px\" \/><\/figure><div class=\"wp-block-media-text__content\">\n<p>Lipcowy numer &#8222;Nad So\u0142\u0105 i Koszaraw\u0105&#8221;, a w nim mi\u0119dzy innymi:<br> &#8222;Jak sfotografowa\u0107 TRADYCJ\u0118, by wygra\u0107 konkurs?&#8221; &#8211; materia\u0142 o V \u017bywieckich Foto Zawodach i ich laureatach.<br> O Instytucie Pami\u0119ci Narodowej i nie tylko&#8230; &#8211; pisze Kazimierz Semik<br> Imperatyw kategoryczny Immanuela Kanta,<br>czyli \u201ePost\u0119puj zawsze tak, jakby\u015b chcia\u0142, aby post\u0119powano w stosunku do ciebie.\u201d &#8211; artyku\u0142 Jerzego Talika<br> 145 lat temu zmar\u0142 Aleksander Fredro &#8211; przypomina Barbara Czub<\/p>\n<\/div><\/div>\n\n\n\n<hr class=\"wp-block-separator\"\/>\n\n\n\n<p class=\"has-medium-font-size\"><strong>&#8222;Nad So\u0142\u0105 i Koszaraw\u0105&#8221; czerwiec 2021<\/strong><\/p>\n\n\n\n<div class=\"wp-block-media-text alignwide is-stacked-on-mobile\" style=\"grid-template-columns:40% auto\"><figure class=\"wp-block-media-text__media\"><img loading=\"lazy\" decoding=\"async\" width=\"700\" height=\"1024\" src=\"https:\/\/paramus.pl\/wp-content\/uploads\/2021\/05\/NSiK5285-1-700x1024.jpg\" alt=\"\" class=\"wp-image-982 size-full\" srcset=\"https:\/\/paramus.pl\/wp-content\/uploads\/2021\/05\/NSiK5285-1-700x1024.jpg 700w, https:\/\/paramus.pl\/wp-content\/uploads\/2021\/05\/NSiK5285-1-205x300.jpg 205w, https:\/\/paramus.pl\/wp-content\/uploads\/2021\/05\/NSiK5285-1-768x1124.jpg 768w, https:\/\/paramus.pl\/wp-content\/uploads\/2021\/05\/NSiK5285-1-1050x1536.jpg 1050w, https:\/\/paramus.pl\/wp-content\/uploads\/2021\/05\/NSiK5285-1-1399x2048.jpg 1399w, https:\/\/paramus.pl\/wp-content\/uploads\/2021\/05\/NSiK5285-1-scaled.jpg 1749w\" sizes=\"auto, (max-width: 700px) 100vw, 700px\" \/><\/figure><div class=\"wp-block-media-text__content\">\n<p>W czerwcowym numerze miesi\u0119cznika &#8222;Nad So\u0142\u0105 i Koszaraw\u0105&#8221; tradycyjnie nie zabraknie temat\u00f3w po\u015bwi\u0119conych dzieciom. Dzie\u0144 Dziecka jest doskona\u0142ym momentem do rozm\u00f3w o najm\u0142odszych. Nie brakuje jednak innych temat\u00f3w, kt\u00f3re opracowali redaktorzy i redaktorki naszej gazety. <\/p>\n\n\n\n<p>W czerwcowym numerze m.in: <\/p>\n\n\n\n<p>&#8222;Co sta\u0142o si\u0119 z pszczo\u0142ami w Mil\u00f3wce?&#8221; &#8211; zastanawia si\u0119 Jerzy Talik<\/p>\n\n\n\n<p>&#8222;Pieni\u0105dze, pieni\u0105dze i&#8230;&#8221; &#8211; felieton Kazimierza Semika<\/p>\n\n\n\n<p>Czerwcowy go\u015b\u0107 cyklu Barbary Fry\u015b-Dzikowskiej &#8222;Ludzkie pasje&#8221; -Mieczys\u0142aw Krzak<\/p>\n\n\n\n<p>Z pani\u0105 dyrektor El\u017cbiet\u0105 Woln\u0105-Krzu\u015b &#8222;O przedszkolakach z \u017cywieckiej &#8222;Jedenastki&#8221; rozmawia\u0142a Teresa Cima\u0142a  Miejsce na stronach gazety, tradycyjnie maj\u0105 lokalne organizacje spo\u0142eczne, kt\u00f3re zapraszaj\u0105 do udzia\u0142u w wydarzeniach i relacjonuj\u0105, to co si\u0119 wydarzy\u0142o <\/p>\n<\/div><\/div>\n\n\n\n<p class=\"has-medium-font-size\"><strong>Maj w gazecie<\/strong><\/p>\n\n\n\n<div class=\"wp-block-media-text alignwide has-media-on-the-right is-stacked-on-mobile\" style=\"grid-template-columns:auto 35%\"><figure class=\"wp-block-media-text__media\"><img loading=\"lazy\" decoding=\"async\" width=\"1749\" height=\"2560\" src=\"https:\/\/paramus.pl\/wp-content\/uploads\/2021\/04\/NSiK52741-1-scaled.jpg\" alt=\"\" class=\"wp-image-874 size-full\" srcset=\"https:\/\/paramus.pl\/wp-content\/uploads\/2021\/04\/NSiK52741-1-scaled.jpg 1749w, https:\/\/paramus.pl\/wp-content\/uploads\/2021\/04\/NSiK52741-1-205x300.jpg 205w, https:\/\/paramus.pl\/wp-content\/uploads\/2021\/04\/NSiK52741-1-700x1024.jpg 700w, https:\/\/paramus.pl\/wp-content\/uploads\/2021\/04\/NSiK52741-1-768x1124.jpg 768w, https:\/\/paramus.pl\/wp-content\/uploads\/2021\/04\/NSiK52741-1-1050x1536.jpg 1050w, https:\/\/paramus.pl\/wp-content\/uploads\/2021\/04\/NSiK52741-1-1399x2048.jpg 1399w\" sizes=\"auto, (max-width: 1749px) 100vw, 1749px\" \/><\/figure><div class=\"wp-block-media-text__content\">\n<p>Majowy numer &#8222;Nad So\u0142\u0105 i Koszaraw\u0105&#8221; ponownie przysz\u0142o nam przygotowywa\u0107 zdalnie. Materia\u0142y, konsultacje redakcyjne i wszystko, co wi\u0105\u017ce si\u0119 z wydawaniem miesi\u0119cznika zn\u00f3w realizowane by\u0142o z wykorzystaniem wszystkich dost\u0119pnych dr\u00f3g cyfrowych. Mimo przeszk\u00f3d i przeciwno\u015bci &#8211; uda\u0142o si\u0119, wi\u0119c oddajemy w Pa\u0144stwa r\u0119ce kolejny, pi\u0119\u0107set dwudziesty si\u00f3dmy numer naszego lokalnego czasopisma. <\/p>\n\n\n\n<p>W numerze mi\u0119dzy innymi: Barbara Fry\u015b-Dzikowska i &#8222;gor\u0105cy temat&#8221; w artykule &#8222;Dylematy Polak\u00f3w &#8211; szczepi\u0107 si\u0119?&#8221;&#8221;Troch\u0119 o historii papieru&#8221; &#8211; Kazimierz Semik w nawi\u0105zaniu do &#8222;Zarysu historii \u017bywieckiej Fabryki Papieru&#8221;Teresa Cima\u0142a w rozmowie z Aleksandr\u0105 Mieszczak, pr\u00f3buje scharakteryzowa\u0107 MAM\u0118 w trudnym roku 2021Z Jerzym Talikiem udajemy si\u0119 na &#8222;Poszukiwanie ukrytego Buddy&#8221;<\/p>\n<\/div><\/div>\n\n\n\n<hr class=\"wp-block-separator\"\/>\n\n\n\n<div class=\"wp-block-themeisle-blocks-advanced-columns has-2-columns has-desktop-oneTwo-layout has-tablet-equal-layout has-mobile-collapsedRows-layout has-default-gap has-vertical-unset\" id=\"wp-block-themeisle-blocks-advanced-columns-c4bb7c34\"><div class=\"wp-block-themeisle-blocks-advanced-columns-overlay\"><\/div><div class=\"innerblocks-wrap\">\n<div class=\"wp-block-themeisle-blocks-advanced-column\" id=\"wp-block-themeisle-blocks-advanced-column-d25dcf28\">\n<div class=\"wp-block-image animated bounceInLeft\"><figure class=\"aligncenter size-large is-resized\"><img loading=\"lazy\" decoding=\"async\" src=\"https:\/\/paramus.pl\/wp-content\/uploads\/2021\/04\/logo-wineta2-1024x428.jpg\" alt=\"\" class=\"wp-image-854\" width=\"258\" height=\"81\"\/><\/figure><\/div>\n<\/div>\n\n\n\n<div class=\"wp-block-themeisle-blocks-advanced-column\" id=\"wp-block-themeisle-blocks-advanced-column-c6b8f570\">\n<p>Za\u0142o\u017cycielami (grupa inicjatywna) gazety byli: Antoni Matlakiewicz, Kazimierz Semik, Hieronim Wo\u017aniak (obj\u0105\u0142 funkcj\u0119 redaktora naczelnego) oraz Karol G\u0105sior. Pierwszy numer ukaza\u0142 si\u0119 15 wrze\u015bnia 1998 roku. \u201eNad So\u0142\u0105 i Koszaraw\u0105\u201d to kolorowy (w ca\u0142o\u015bci) dwutygodnik \u2013 bogato ilustrowany fotografiami. Winieta tytu\u0142owa (autor Artur W\u0105sek) bazuje na fotografii zbiegu rzek Koszarawy oraz So\u0142y \u2013 od 22 lat nie zmieniona Gazeta uhonorowana zosta\u0142a medalem \u201eZa zas\u0142ugi dla Wojew\u00f3dztwa \u015al\u0105skiego, a tak\u017ce wpisana do \u201eZ\u0142otej Ksi\u0119gi Miasta \u017bywca\u201d. W styczniu 2020 wydawc\u0105 \u201eNad So\u0142\u0105 i Koszaraw\u0105\u201d zosta\u0142o Stowarzyszenie Paramus.&nbsp;&nbsp;Pismo (obj\u0119to\u015b\u0107 24 strony) ukazuje si\u0119 regularnie 1 ka\u017cdego miesi\u0105ca. Do 1 maja 2021 ukaza\u0142o si\u0119 526 numer\u00f3w.&nbsp;<\/p>\n\n\n\n<p>Niezwi\u0105zane z \u017cadnym ugrupowaniem politycznym pismo w swojej tre\u015bci porusza tematy dotycz\u0105ce \u017bywca oraz ca\u0142ej ziemi \u017cywieckiej \u2013 nie stroni od historii, ale kreuje wsp\u00f3\u0142czesny wizerunek miasta i powiatu. Na bie\u017c\u0105co informuje o dokonaniach w\u0142adz miasta i powiatu \u017cywieckiego dzia\u0142aniu samorz\u0105d\u00f3w, organizacji spo\u0142ecznych, aktywnych mieszka\u0144c\u00f3w \u017bywiecczyzny we wszystkich dziedzinach \u2013 zw\u0142aszcza kulturalnych, sportowych, naukowych, turystycznych, promuj\u0105cych region. Nie stroni od r\u00f3\u017cnych informacji krajowych, europejskich \u2013 niekiedy z ca\u0142ego \u015bwiata. Jednak najwa\u017cniejsze s\u0105 wydarzenia dotycz\u0105ce regionu.<\/p>\n\n\n\n<p><\/p>\n\n\n\n<p>Dzia\u0142alno\u015b\u0107 gazety mo\u017cna wesprze\u0107, wp\u0142acaj\u0105c darowizn\u0119 na konto:<\/p>\n\n\n\n<div class=\"wp-block-group\"><div class=\"wp-block-group__inner-container is-layout-flow wp-block-group-is-layout-flow\">\n<p>Stowarzyszenie Paramus<\/p>\n\n\n\n<p>ul. 3 maja 14<\/p>\n\n\n\n<p>34-300 \u017bywiec<\/p>\n\n\n\n<p class=\"has-normal-font-size\"><strong>72 8137 0009 0033 4206 2000 0010<\/strong><\/p>\n<\/div><\/div>\n<\/div>\n<\/div><\/div>\n\n\n\n<div class=\"wp-block-image is-style-default\"><figure class=\"aligncenter size-large\"><img loading=\"lazy\" decoding=\"async\" width=\"1024\" height=\"280\" src=\"https:\/\/paramus.pl\/wp-content\/uploads\/2021\/04\/Punkty-dystrybucji-1024x280.jpg\" alt=\"\" class=\"wp-image-721\" srcset=\"https:\/\/paramus.pl\/wp-content\/uploads\/2021\/04\/Punkty-dystrybucji-1024x280.jpg 1024w, https:\/\/paramus.pl\/wp-content\/uploads\/2021\/04\/Punkty-dystrybucji-300x82.jpg 300w, https:\/\/paramus.pl\/wp-content\/uploads\/2021\/04\/Punkty-dystrybucji-768x210.jpg 768w, https:\/\/paramus.pl\/wp-content\/uploads\/2021\/04\/Punkty-dystrybucji-1536x420.jpg 1536w, https:\/\/paramus.pl\/wp-content\/uploads\/2021\/04\/Punkty-dystrybucji-2048x560.jpg 2048w\" sizes=\"auto, (max-width: 1024px) 100vw, 1024px\" \/><\/figure><\/div>\n\n\n\n<div class=\"wp-block-image animated bounceIn ticss-227dfd4c\"><figure class=\"alignright size-full\"><img loading=\"lazy\" decoding=\"async\" width=\"1088\" height=\"427\" src=\"https:\/\/paramus.pl\/wp-content\/uploads\/2021\/04\/NSiK-podziekowania_.jpg\" alt=\"\" class=\"wp-image-434\" srcset=\"https:\/\/paramus.pl\/wp-content\/uploads\/2021\/04\/NSiK-podziekowania_.jpg 1088w, https:\/\/paramus.pl\/wp-content\/uploads\/2021\/04\/NSiK-podziekowania_-300x118.jpg 300w, https:\/\/paramus.pl\/wp-content\/uploads\/2021\/04\/NSiK-podziekowania_-1024x402.jpg 1024w, https:\/\/paramus.pl\/wp-content\/uploads\/2021\/04\/NSiK-podziekowania_-768x301.jpg 768w\" sizes=\"auto, (max-width: 1088px) 100vw, 1088px\" \/><\/figure><\/div>\n","protected":false},"excerpt":{"rendered":"<p>&#8222;Nad So\u0142\u0105 i Koszaraw\u0105&#8221; &#8211; pa\u017adziernik W pa\u017adziernikowym numerze &#8222;Nad So\u0142\u0105 i Koszaraw\u0105 mi\u0119dzy innymi: Dok\u0105d zmierzamy? &#8211; felieton Kazimierza Semika Kosmos w Zab\u0142ociu &#8211; relacja z pikniku naukowego Nieznane nam muzeum w s\u0142owackiej Czadcy &#8211; Jerzy TalikEmil Zegad\u0142owicz widziany inaczej &#8211; Barbara Fry\u015b-DzikowskaRok 2021- Rokiem Stanis\u0142awa Lema &#8211; Barbara Czub Piknik Kazimierzowski &#8211; Rajcza&hellip;&nbsp;<a href=\"https:\/\/paramus.pl\/?page_id=432\" rel=\"bookmark\">Dowiedz si\u0119 wi\u0119cej &raquo;<span class=\"screen-reader-text\">Nad So\u0142\u0105 i Koszaraw\u0105<\/span><\/a><\/p>\n","protected":false},"author":1,"featured_media":0,"parent":0,"menu_order":0,"comment_status":"closed","ping_status":"closed","template":"","meta":{"_monsterinsights_skip_tracking":false,"_monsterinsights_sitenote_active":false,"_monsterinsights_sitenote_note":"","_monsterinsights_sitenote_category":0,"neve_meta_sidebar":"full-width","neve_meta_container":"","neve_meta_enable_content_width":"on","neve_meta_content_width":100,"neve_meta_title_alignment":"","neve_meta_author_avatar":"","neve_post_elements_order":"","neve_meta_disable_header":"","neve_meta_disable_footer":"","neve_meta_disable_title":"","_themeisle_gutenberg_block_has_review":false,"footnotes":""},"class_list":["post-432","page","type-page","status-publish","hentry"],"_links":{"self":[{"href":"https:\/\/paramus.pl\/index.php?rest_route=\/wp\/v2\/pages\/432","targetHints":{"allow":["GET"]}}],"collection":[{"href":"https:\/\/paramus.pl\/index.php?rest_route=\/wp\/v2\/pages"}],"about":[{"href":"https:\/\/paramus.pl\/index.php?rest_route=\/wp\/v2\/types\/page"}],"author":[{"embeddable":true,"href":"https:\/\/paramus.pl\/index.php?rest_route=\/wp\/v2\/users\/1"}],"replies":[{"embeddable":true,"href":"https:\/\/paramus.pl\/index.php?rest_route=%2Fwp%2Fv2%2Fcomments&post=432"}],"version-history":[{"count":20,"href":"https:\/\/paramus.pl\/index.php?rest_route=\/wp\/v2\/pages\/432\/revisions"}],"predecessor-version":[{"id":1096,"href":"https:\/\/paramus.pl\/index.php?rest_route=\/wp\/v2\/pages\/432\/revisions\/1096"}],"wp:attachment":[{"href":"https:\/\/paramus.pl\/index.php?rest_route=%2Fwp%2Fv2%2Fmedia&parent=432"}],"curies":[{"name":"wp","href":"https:\/\/api.w.org\/{rel}","templated":true}]}}