{"id":491,"date":"2021-04-20T12:49:17","date_gmt":"2021-04-20T10:49:17","guid":{"rendered":"https:\/\/paramus.pl\/?page_id=491"},"modified":"2021-04-20T14:53:45","modified_gmt":"2021-04-20T12:53:45","slug":"rodo","status":"publish","type":"page","link":"https:\/\/paramus.pl\/?page_id=491","title":{"rendered":"RODO"},"content":{"rendered":"\n<div class=\"wp-block-group\"><div class=\"wp-block-group__inner-container is-layout-flow wp-block-group-is-layout-flow\">\n<p><\/p>\n\n\n\n<p><\/p>\n\n\n\n<p><\/p>\n\n\n\n<p class=\"has-text-align-center\" style=\"font-size:27px\"><strong>KLAUZULA RODO STOWARZYSZENIA PARAMUS<\/strong><\/p>\n\n\n\n<p class=\"has-text-align-center\"><strong>Klauzula RODO<\/strong><\/p>\n\n\n\n<p class=\"has-text-align-left\"><strong>Polityka Przetwarzania Danych Osobowych<\/strong><\/p>\n\n\n\n<p class=\"has-text-align-left\"><strong>Stowarzyszenie PARAMUS<\/strong><\/p>\n\n\n\n<p>W&nbsp;zwi\u0105zku z&nbsp;wej\u015bcie w \u017cyciem z&nbsp;dniem 25 maja 2018 roku rozporz\u0105dzenia Parlamentu Europejskiego i&nbsp;Rady (UE) 2016\/679 z&nbsp;dnia 27 kwietnia 2016 roku w&nbsp;sprawie ochrony os\u00f3b fizycznych w&nbsp;zwi\u0105zku z&nbsp;przetwarzaniem danych osobowych i&nbsp;w&nbsp;sprawie swobodnego przep\u0142ywu takich danych i&nbsp;uchylenia Dyrektywy 95\/46\/WE, Stowarzyszenie PARAMUS z siedzib\u0105 w \u017bywcu, informuje, \u017ce wszystkim osobom udzielaj\u0105cym zgody na przetwarzanie danych osobowych, przys\u0142uguj\u0105 okre\u015blone prawa, zapisane w niniejszej Polityce Przetwarzania Danych Osobowych. Poni\u017csze informacje i zasady zwi\u0105zane z przetwarzaniem danych osobowych przez Stowarzyszenie PARAMUS, spisane zosta\u0142y na podstawie art. 13 RODO.<\/p>\n\n\n\n<p><strong>1. Administrator danych osobowych<\/strong><\/p>\n\n\n\n<p>Administratorem danych osobowych jest Stowarzyszenie PARAMUS, \u017bywiec 34-300, ul. 3 maja 14 wpisane do&nbsp;Krajowego Rejestru S\u0105downiczego Stowarzysze\u0144, prowadzonego przez S\u0105d Rejonowy w Bielsku-Bia\u0142ej, VIII Wydzia\u0142 Gospodarczy KRS, pod numerem: KRS&nbsp;0000653100, NIP 5532531663, REGON 366094747<\/p>\n\n\n\n<p><strong>2. Bezpiecze\u0144stwo danych osobowych<\/strong><\/p>\n\n\n\n<p>W celu zapewnienia poufno\u015bci danych, Administrator wdro\u017cy\u0142 procedury umo\u017cliwiaj\u0105ce dost\u0119p do danych osobowych jedynie osobom upowa\u017cnionym i jedynie w zakresie, w jakim jest to niezb\u0119dne ze wzgl\u0119du na wykonywane przez nie zadania. Stosowane s\u0105 r\u00f3wnie\u017c rozwi\u0105zania organizacyjne i techniczne w celu rejestrowania i dokonywania operacji na danych osobowych tylko przez osoby uprawnione.&nbsp;&nbsp;Administrator podejmuje ponadto wszelkie niezb\u0119dne dzia\u0142ania, by tak\u017ce jego podwykonawcy i inne podmioty wsp\u00f3\u0142pracuj\u0105ce dawa\u0142y gwarancj\u0119 stosowania odpowiednich \u015brodk\u00f3w bezpiecze\u0144stwa w ka\u017cdym przypadku, gdy przetwarzaj\u0105 dane osobowe na zlecenie Administratora.<\/p>\n\n\n\n<p><strong>3. Osoba do&nbsp;kontaktu w&nbsp;sprawach zwi\u0105zanych z&nbsp;przetwarzaniem danych osobowych.<\/strong><\/p>\n\n\n\n<p>Stowarzyszenie PARAMUS wyznaczy\u0142o osob\u0119 kontaktow\u0105 w&nbsp;sprawach zwi\u0105zanych z&nbsp;przetwarzaniem danych osobowych, z&nbsp;kt\u00f3r\u0105 mo\u017cna skontaktowa\u0107 si\u0119 poprzez e-mail: paramus.zywiec@gmail.com<\/p>\n\n\n\n<p><strong>4.&nbsp;&nbsp;Cele i podstawy wykorzystywania danych osobowych<\/strong><\/p>\n\n\n\n<p>Dane osobowe przetwarzane b\u0119d\u0105:<\/p>\n\n\n\n<p>a)&nbsp;&nbsp;&nbsp;&nbsp;&nbsp;w&nbsp;celu realizacji zada\u0144 zwi\u0105zanych ze&nbsp;\u015bwiadczeniem us\u0142ug i realizacj\u0105 dzia\u0142a\u0144 Stowarzyszenia PARAMUS zar\u00f3wno za&nbsp;zgod\u0105&nbsp; (podstawa prawna przetwarzania danych osobowych: art. 6 ust. 1 a) RODO) jak r\u00f3wnie\u017c&nbsp;na&nbsp;podstawie zawartych um\u00f3w (podstawa prawna przetwarzania danych osobowych: art. 6 ust. 1 b) RODO);<\/p>\n\n\n\n<p>b) dla cel\u00f3w wype\u0142niania obowi\u0105zk\u00f3w prawnych ci\u0105\u017c\u0105cych na&nbsp;Stowarzyszeniu PARAMUS na&nbsp;podstawie powszechnie obowi\u0105zuj\u0105cego prawa, w&nbsp;tym przepis\u00f3w podatkowych oraz&nbsp;z&nbsp;zakresu rachunkowo\u015bci (podstawa prawna przetwarzania danych osobowych &#8211; art. 6 ust. 1 c) RODO);<\/p>\n\n\n\n<p>c) dla cel\u00f3w analitycznych i&nbsp;statystycznych (podstawa prawna przetwarzania danych osobowych; prawnie uzasadniony interes Stowarzyszenia art. 6 ust. 1 f) RODO);<\/p>\n\n\n\n<p>d) w&nbsp;celu realizacji prawnie uzasadnionego interesu Stowarzyszenia polegaj\u0105cego na&nbsp;ewentualnym ustaleniu i&nbsp;dochodzeniu roszcze\u0144 lub obronie przed&nbsp;roszczeniami (podstawa prawna przetwarzania danych osobowych &#8211; prawnie uzasadniony interes Stowarzyszenia art. 6 ust. 1 f) RODO).<\/p>\n\n\n\n<p><strong>5. Przekazywanie danych osobowych<\/strong><\/p>\n\n\n\n<p>Odbiorcami danych osobowych mog\u0105 by\u0107:<\/p>\n\n\n\n<p>a) dostawcy system\u00f3w informatycznych oraz&nbsp;us\u0142ug IT;<\/p>\n\n\n\n<p>b) podmioty, z&nbsp;kt\u00f3rymi Stowarzyszenie PARAMUS wsp\u00f3\u0142pracuje w&nbsp;celu wykonania um\u00f3w o&nbsp;\u015bwiadczenie us\u0142ug np.&nbsp;instytucje wspieraj\u0105ce Centrum Wolontariatu;<\/p>\n\n\n\n<p>c) podmioty \u015bwiadcz\u0105ce na&nbsp;rzecz Stowarzyszenia PARAMUS us\u0142ugi ksi\u0119gowe, us\u0142ugi prawne, us\u0142ugi ubezpieczeniowe i zapewniaj\u0105ce bezpiecze\u0144stwo, analityczne;<\/p>\n\n\n\n<p>c) operatorzy pocztowi i&nbsp;kurierzy;<\/p>\n\n\n\n<p>d) operatorzy system\u00f3w p\u0142atno\u015bci elektronicznej oraz&nbsp;banki w&nbsp;zakresie realizacji p\u0142atno\u015bci;<\/p>\n\n\n\n<p>e) organy uprawnione do&nbsp;otrzymania danych osobowych na&nbsp;podstawie przepis\u00f3w prawa.<\/p>\n\n\n\n<p><strong>6. Przekazywanie danych osobowych do&nbsp;pa\u0144stw trzecich, organizacji mi\u0119dzynarodowych lub poza Europejski Obszar Gospodarczy (EOG)&nbsp;<\/strong><\/p>\n\n\n\n<p>Dane osobowe nie b\u0119d\u0105 przekazywane do pa\u0144stwa trzeciego, ani organizacji mi\u0119dzynarodowej<\/p>\n\n\n\n<p><strong>7.&nbsp;&nbsp;Czas przechowywania i przetwarzania danych osobowych&nbsp;<\/strong><\/p>\n\n\n\n<p>Dane osobowe b\u0119d\u0105 przetwarzane do&nbsp;czasu wykonania us\u0142ug \u015bwiadczonych przez&nbsp;Stowarzyszenie PARAMUS z&nbsp;uwzgl\u0119dnieniem okresu trwa\u0142o\u015bci projektu oraz&nbsp;3-letniego okresu dochodzenia roszcze\u0144 cywilnoprawnych.<\/p>\n\n\n\n<p><strong>8. Informacje o&nbsp;zautomatyzowanym podejmowaniu decyzji oraz&nbsp;profilowaniu<\/strong><\/p>\n\n\n\n<p><strong><em>Zautomatyzowanym podejmowaniem decyzji<\/em><\/strong>&nbsp;jest proces, w&nbsp;wyniku kt\u00f3rego&nbsp;decyzja zostaje wydana bez&nbsp;ludzkiej ingerencji.<\/p>\n\n\n\n<p>Podejmowane przez&nbsp;nasze Stowarzyszenie PARAMUS dzia\u0142ania dotycz\u0105ce przetwarzania danych osobowych nie&nbsp;s\u0105 zautomatyzowane i&nbsp;nie&nbsp;wp\u0142ywaj\u0105 na sytuacj\u0119 i&nbsp;podejmowane decyzje przez osoby udzielaj\u0105ce zgody na przetwarzanie danych osobowych.<\/p>\n\n\n\n<p><strong><em>Profilowanie<\/em><\/strong>&nbsp;nale\u017cy rozumie\u0107 jako dowoln\u0105 form\u0119 zautomatyzowanego przetwarzania danych osobowych, kt\u00f3re polega na&nbsp;ich wykorzystaniu do&nbsp;oceny niekt\u00f3rych cech osoby fizycznej, w&nbsp;szczeg\u00f3lno\u015bci do&nbsp;analizy lub prognozy aspekt\u00f3w dotycz\u0105cych efekt\u00f3w pracy tej&nbsp;osoby fizycznej, jej sytuacji ekonomicznej, zdrowia, osobistych preferencji, zainteresowa\u0144, wiarygodno\u015bci, zachowania, lokalizacji lub przemieszczania si\u0119.<\/p>\n\n\n\n<p>Stowarzyszenie PARAMUS nie profiluje danych osobowych<\/p>\n\n\n\n<p><strong>9. Dane osobowe, gromadzone i przetwarzane przez Stowarzyszenie PARAMUS<\/strong><\/p>\n\n\n\n<p>W celu umo\u017cliwienia pe\u0142nej realizacji dzia\u0142a\u0144, wymagane jest podanie:<\/p>\n\n\n\n<p>imienia i nazwiska, adresu zamieszkania, numeru telefonu. W przypadkach uzasadnionych (np. wykupienie polisy ubezpieczeniowej) wymagane jest r\u00f3wnie\u017c podane nr pesel.<\/p>\n\n\n\n<p>Zalecane jest r\u00f3wnie\u017c podanie adresu e-mail.<\/p>\n\n\n\n<p><strong>10. Uprawnienia w&nbsp;zwi\u0105zku z&nbsp;przetwarzaniem danych osobowych<\/strong><\/p>\n\n\n\n<p>Osoba udzielaj\u0105ca zgody na gromadzenie i przetwarzanie danych osobowych posiada nast\u0119puj\u0105ce uprawnienia:<\/p>\n\n\n\n<ol class=\"wp-block-list\" type=\"1\"><li>dost\u0119pu do swoich danych oraz prawo ich zmiany, usuni\u0119cia, ograniczenia przetwarzania,<\/li><li>wniesienia sprzeciwu wobec przetwarzania w zakresie, w jakim przetwarzanie nast\u0119puje na podstawie prawnie uzasadnionego interesu Administratora,<\/li><li>cofni\u0119cia zgody na przetwarzanie danych w zakresie jakim podstaw\u0105 przetwarzania jest zgoda, wycofanie zgody nie wp\u0142ywa na zgodno\u015b\u0107 z prawem przetwarzania, kt\u00f3rego dokonano na podstawie zgody przed jej cofni\u0119ciem,<\/li><li>wniesienia skargi do Prezesa Urz\u0119du Ochrony Danych Osobowych w zakresie naruszenia prawa do ochrony danych osobowych lub innych praw przyznanych na mocy RODO.<\/li><li>otrzymania ustrukturyzowanego pliku (np. plik csv) zawieraj\u0105cego dane osobowe, podane przez osob\u0119 udzielaj\u0105c\u0105 zgody na przetwarzanie danych osobowych.&nbsp;<\/li><\/ol>\n\n\n\n<p>Z powy\u017cszych zapis\u00f3w mo\u017cna skorzysta\u0107, przesy\u0142aj\u0105c wniosek na adres: Stowarzyszenie Paramus ul. 3 maja 14, 34-300 \u017bywiec lub na adres e-mail paramus.zywiec@gmail.com<\/p>\n\n\n\n<p><strong>11. Formu\u0142a dobrowolno\u015bci zgody na przetwarzanie danych osobowych&nbsp;<br>i konsekwencje jej braku<\/strong><\/p>\n\n\n\n<p>Podanie danych osobowych jest dobrowolne, jednak\u017ce niezb\u0119dne w&nbsp;celu zawarcia i&nbsp;wykonania um\u00f3w i podejmowania dzia\u0142a\u0144. Konsekwencj\u0105 niepodania danych osobowych wymaganych przez&nbsp;Stowarzyszenie PARAMUS jest brak mo\u017cliwo\u015bci realizowania dzia\u0142a\u0144.<\/p>\n\n\n\n<p><strong>12. Polityka bezpiecze\u0144stwa danych osobowych wobec nieletnich<\/strong><\/p>\n\n\n\n<p>Je\u015bli Stowarzyszenie PARAUS ustali, \u017ce&nbsp;zgromadzono dane osoby niepe\u0142noletniej, podj\u0119te zostan\u0105 odpowiednie kroki maj\u0105ce na&nbsp;celu usuni\u0119cie tych danych.<\/p>\n\n\n\n<p>W przypadku stwierdzenia przez rodzic\u00f3w lub opiekun\u00f3w faktu przetwarzania danych osobowych osoby niepe\u0142noletniej, nale\u017cy poinformowa\u0107 osob\u0119 odpowiedzialn\u0105 za kwestie zwi\u0105zane z przetwarzaniem danych osobowych drog\u0105 elektroniczn\u0105&nbsp;<a href=\"mailto:paramus.zywiec@gmail.com\">paramus.zywiec@gmail.com<\/a><\/p>\n\n\n\n<p><strong>13. Zmiany w Polityce Przetwarzania Danych Osobowych Stowarzyszenia PARAMUS<\/strong><\/p>\n\n\n\n<p>Powy\u017csza Polityka obowi\u0105zuje od 25 maja 2018 r. i b\u0119dzie na bie\u017c\u0105co weryfikowana i w razie potrzeby aktualizowana.<\/p>\n\n\n\n<p>Korespondencj\u0119 dotycz\u0105c\u0105 przetwarzania danych osobowych nale\u017cy przesy\u0142a\u0107 na adres&nbsp;<a href=\"mailto:paramus.zywiec@gmail.com\">paramus.zywiec@gmail.com<\/a>&nbsp;(w tytule nale\u017cy wpisa\u0107 \u201eDane osobowe\u201d)<\/p>\n<\/div><\/div>\n","protected":false},"excerpt":{"rendered":"<p>KLAUZULA RODO STOWARZYSZENIA PARAMUS Klauzula RODO Polityka Przetwarzania Danych Osobowych Stowarzyszenie PARAMUS W&nbsp;zwi\u0105zku z&nbsp;wej\u015bcie w \u017cyciem z&nbsp;dniem 25 maja 2018 roku rozporz\u0105dzenia Parlamentu Europejskiego i&nbsp;Rady (UE) 2016\/679 z&nbsp;dnia 27 kwietnia 2016 roku w&nbsp;sprawie ochrony os\u00f3b fizycznych w&nbsp;zwi\u0105zku z&nbsp;przetwarzaniem danych osobowych i&nbsp;w&nbsp;sprawie swobodnego przep\u0142ywu takich danych i&nbsp;uchylenia Dyrektywy 95\/46\/WE, Stowarzyszenie PARAMUS z siedzib\u0105 w \u017bywcu, informuje,&hellip;&nbsp;<a href=\"https:\/\/paramus.pl\/?page_id=491\" rel=\"bookmark\">Dowiedz si\u0119 wi\u0119cej &raquo;<span class=\"screen-reader-text\">RODO<\/span><\/a><\/p>\n","protected":false},"author":1,"featured_media":0,"parent":0,"menu_order":0,"comment_status":"closed","ping_status":"closed","template":"","meta":{"_monsterinsights_skip_tracking":false,"_monsterinsights_sitenote_active":false,"_monsterinsights_sitenote_note":"","_monsterinsights_sitenote_category":0,"neve_meta_sidebar":"right","neve_meta_container":"contained","neve_meta_enable_content_width":"off","neve_meta_content_width":65,"neve_meta_title_alignment":"","neve_meta_author_avatar":"","neve_post_elements_order":"","neve_meta_disable_header":"","neve_meta_disable_footer":"","neve_meta_disable_title":"on","_themeisle_gutenberg_block_has_review":false,"footnotes":""},"class_list":["post-491","page","type-page","status-publish","hentry"],"_links":{"self":[{"href":"https:\/\/paramus.pl\/index.php?rest_route=\/wp\/v2\/pages\/491","targetHints":{"allow":["GET"]}}],"collection":[{"href":"https:\/\/paramus.pl\/index.php?rest_route=\/wp\/v2\/pages"}],"about":[{"href":"https:\/\/paramus.pl\/index.php?rest_route=\/wp\/v2\/types\/page"}],"author":[{"embeddable":true,"href":"https:\/\/paramus.pl\/index.php?rest_route=\/wp\/v2\/users\/1"}],"replies":[{"embeddable":true,"href":"https:\/\/paramus.pl\/index.php?rest_route=%2Fwp%2Fv2%2Fcomments&post=491"}],"version-history":[{"count":2,"href":"https:\/\/paramus.pl\/index.php?rest_route=\/wp\/v2\/pages\/491\/revisions"}],"predecessor-version":[{"id":645,"href":"https:\/\/paramus.pl\/index.php?rest_route=\/wp\/v2\/pages\/491\/revisions\/645"}],"wp:attachment":[{"href":"https:\/\/paramus.pl\/index.php?rest_route=%2Fwp%2Fv2%2Fmedia&parent=491"}],"curies":[{"name":"wp","href":"https:\/\/api.w.org\/{rel}","templated":true}]}}