{"id":505,"date":"2021-04-20T13:11:32","date_gmt":"2021-04-20T11:11:32","guid":{"rendered":"https:\/\/paramus.pl\/?page_id=505"},"modified":"2021-04-21T14:56:19","modified_gmt":"2021-04-21T12:56:19","slug":"wspolpraca","status":"publish","type":"page","link":"https:\/\/paramus.pl\/?page_id=505","title":{"rendered":"WSP\u00d3\u0141PRACA"},"content":{"rendered":"\n<div class=\"wp-block-themeisle-blocks-advanced-columns has-2-columns has-desktop-twoOne-layout has-tablet-equal-layout has-mobile-collapsedRows-layout has-default-gap has-vertical-unset\" id=\"wp-block-themeisle-blocks-advanced-columns-647754a3\"><div class=\"wp-block-themeisle-blocks-advanced-columns-overlay\"><\/div><div class=\"innerblocks-wrap\">\n<div class=\"wp-block-themeisle-blocks-advanced-column\" id=\"wp-block-themeisle-blocks-advanced-column-bebfc2fc\"><\/div>\n\n\n\n<div class=\"wp-block-themeisle-blocks-advanced-column\" id=\"wp-block-themeisle-blocks-advanced-column-1b05c3dc\"><\/div>\n<\/div><\/div>\n\n\n\n<div class=\"wp-block-cover alignfull has-background-dim\" style=\"min-height:473px;aspect-ratio:unset;\"><img decoding=\"async\" class=\"wp-block-cover__image-background\" alt=\"\" src=\"blob:https:\/\/paramus.pl\/974254cd-168d-4d0e-bd2f-105f974b7964\" data-object-fit=\"cover\"\/><div class=\"wp-block-cover__inner-container is-layout-flow wp-block-cover-is-layout-flow\">\n<h1 class=\"has-text-align-center has-white-color has-text-color wp-block-heading\">NASI PARTNERZY W DZIA\u0141ANIACH<\/h1>\n\n\n\n<p class=\"has-text-align-center has-white-color has-text-color\" style=\"font-size:23px\">Serdecznie polecamy wsp\u00f3\u0142prac\u0119! <\/p>\n\n\n\n<div style=\"height:40px\" aria-hidden=\"true\" class=\"wp-block-spacer\"><\/div>\n\n\n\n<div class=\"wp-block-group\"><div class=\"wp-block-group__inner-container is-layout-flow wp-block-group-is-layout-flow\">\n<div class=\"wp-block-buttons is-content-justification-center is-layout-flex wp-block-buttons-is-layout-flex\"><\/div>\n<\/div><\/div>\n<\/div><\/div>\n\n\n\n<hr class=\"wp-block-separator\"\/>\n\n\n\n<div class=\"wp-block-columns is-layout-flex wp-container-core-columns-is-layout-9d6595d7 wp-block-columns-is-layout-flex\">\n<div class=\"wp-block-column is-layout-flow wp-block-column-is-layout-flow\">\n<div class=\"wp-block-image is-style-default\"><figure class=\"aligncenter size-large is-resized\"><img loading=\"lazy\" decoding=\"async\" src=\"https:\/\/paramus.pl\/wp-content\/uploads\/2021\/04\/abdce1ee20e6eb913c5dd89378cc885b.png\" alt=\"\" class=\"wp-image-509\" width=\"140\" height=\"175\"\/><\/figure><\/div>\n\n\n\n<h3 class=\"has-text-align-center wp-block-heading\">Miasto \u017bywiec<\/h3>\n\n\n\n<p class=\"has-text-align-center\"> <\/p>\n<\/div>\n\n\n\n<div class=\"wp-block-column is-layout-flow wp-block-column-is-layout-flow\">\n<div class=\"wp-block-image is-style-default\"><figure class=\"aligncenter size-large is-resized\"><img loading=\"lazy\" decoding=\"async\" src=\"http:\/\/paramus.pl\/wp-content\/uploads\/2021\/04\/zywiec-powiat4.jpg\" alt=\"\" class=\"wp-image-519\" width=\"225\" height=\"113\"\/><\/figure><\/div>\n\n\n\n<h3 class=\"has-text-align-center wp-block-heading\">Starostwo Powiatowe <br>w \u017bywcu<\/h3>\n\n\n\n<p><\/p>\n\n\n\n<p class=\"has-text-align-center\"> <\/p>\n<\/div>\n\n\n\n<div class=\"wp-block-column is-layout-flow wp-block-column-is-layout-flow\">\n<div class=\"wp-block-image is-style-default\"><figure class=\"aligncenter size-large is-resized\"><img loading=\"lazy\" decoding=\"async\" src=\"https:\/\/paramus.pl\/wp-content\/uploads\/2021\/04\/mck-ROZETA-jasniejsza-1024x809.jpg\" alt=\"\" class=\"wp-image-518\" width=\"228\" height=\"180\" srcset=\"https:\/\/paramus.pl\/wp-content\/uploads\/2021\/04\/mck-ROZETA-jasniejsza-1024x809.jpg 1024w, https:\/\/paramus.pl\/wp-content\/uploads\/2021\/04\/mck-ROZETA-jasniejsza-300x237.jpg 300w, https:\/\/paramus.pl\/wp-content\/uploads\/2021\/04\/mck-ROZETA-jasniejsza-768x607.jpg 768w, https:\/\/paramus.pl\/wp-content\/uploads\/2021\/04\/mck-ROZETA-jasniejsza-1536x1213.jpg 1536w, https:\/\/paramus.pl\/wp-content\/uploads\/2021\/04\/mck-ROZETA-jasniejsza.jpg 1557w\" sizes=\"auto, (max-width: 228px) 100vw, 228px\" \/><\/figure><\/div>\n\n\n\n<h3 class=\"has-text-align-center wp-block-heading\">Miejskie Centrum<br>Kultury w \u017bywcu<\/h3>\n\n\n\n<p class=\"has-text-align-center\"> <\/p>\n<\/div>\n\n\n\n<div class=\"wp-block-column is-layout-flow wp-block-column-is-layout-flow\">\n<div class=\"wp-block-image is-style-default\"><figure class=\"aligncenter size-large is-resized\"><img loading=\"lazy\" decoding=\"async\" src=\"https:\/\/paramus.pl\/wp-content\/uploads\/2021\/04\/logo_new.png\" alt=\"\" class=\"wp-image-704\" width=\"305\" height=\"103\" srcset=\"https:\/\/paramus.pl\/wp-content\/uploads\/2021\/04\/logo_new.png 408w, https:\/\/paramus.pl\/wp-content\/uploads\/2021\/04\/logo_new-300x101.png 300w\" sizes=\"auto, (max-width: 305px) 100vw, 305px\" \/><\/figure><\/div>\n\n\n\n<h3 class=\"has-text-align-center wp-block-heading\">\u017bywiecka Biblioteka Samorz\u0105dowa<\/h3>\n<\/div>\n<\/div>\n\n\n\n<div class=\"wp-block-columns is-layout-flex wp-container-core-columns-is-layout-9d6595d7 wp-block-columns-is-layout-flex\">\n<div class=\"wp-block-column is-layout-flow wp-block-column-is-layout-flow\">\n<div class=\"wp-block-image is-style-default\"><figure class=\"aligncenter size-large is-resized\"><img loading=\"lazy\" decoding=\"async\" src=\"https:\/\/paramus.pl\/wp-content\/uploads\/2021\/04\/Unknown.jpeg\" alt=\"\" class=\"wp-image-700\" width=\"181\" height=\"181\" srcset=\"https:\/\/paramus.pl\/wp-content\/uploads\/2021\/04\/Unknown.jpeg 225w, https:\/\/paramus.pl\/wp-content\/uploads\/2021\/04\/Unknown-150x150.jpeg 150w\" sizes=\"auto, (max-width: 181px) 100vw, 181px\" \/><\/figure><\/div>\n\n\n\n<h3 class=\"has-text-align-center wp-block-heading\">Pracownia Introligatorska<br>Maciej Cima\u0142a<\/h3>\n<\/div>\n\n\n\n<div class=\"wp-block-column is-layout-flow wp-block-column-is-layout-flow\">\n<div class=\"wp-block-image is-style-default\"><figure class=\"aligncenter size-large is-resized\"><img loading=\"lazy\" decoding=\"async\" src=\"https:\/\/paramus.pl\/wp-content\/uploads\/2021\/04\/KorpusSolidarnosci_logoPLfull_RGB-1024x598.png\" alt=\"\" class=\"wp-image-701\" width=\"307\" height=\"179\" srcset=\"https:\/\/paramus.pl\/wp-content\/uploads\/2021\/04\/KorpusSolidarnosci_logoPLfull_RGB-1024x598.png 1024w, https:\/\/paramus.pl\/wp-content\/uploads\/2021\/04\/KorpusSolidarnosci_logoPLfull_RGB-300x175.png 300w, https:\/\/paramus.pl\/wp-content\/uploads\/2021\/04\/KorpusSolidarnosci_logoPLfull_RGB-768x449.png 768w, https:\/\/paramus.pl\/wp-content\/uploads\/2021\/04\/KorpusSolidarnosci_logoPLfull_RGB.png 1200w\" sizes=\"auto, (max-width: 307px) 100vw, 307px\" \/><\/figure><\/div>\n\n\n\n<h3 class=\"has-text-align-center wp-block-heading\">Korpus Solidarno\u015bci<\/h3>\n<\/div>\n\n\n\n<div class=\"wp-block-column is-layout-flow wp-block-column-is-layout-flow\">\n<div class=\"wp-block-image is-style-default\"><figure class=\"aligncenter size-large is-resized\"><img loading=\"lazy\" decoding=\"async\" src=\"https:\/\/paramus.pl\/wp-content\/uploads\/2021\/04\/RCW-katowice-logo.png\" alt=\"\" class=\"wp-image-702\" width=\"277\" height=\"127\" srcset=\"https:\/\/paramus.pl\/wp-content\/uploads\/2021\/04\/RCW-katowice-logo.png 392w, https:\/\/paramus.pl\/wp-content\/uploads\/2021\/04\/RCW-katowice-logo-300x138.png 300w\" sizes=\"auto, (max-width: 277px) 100vw, 277px\" \/><\/figure><\/div>\n\n\n\n<h3 class=\"has-text-align-center wp-block-heading\">Regionalne Centrum Wolontariatu<br>w Katowicach<\/h3>\n\n\n\n<p class=\"has-text-align-center\"> <\/p>\n<\/div>\n\n\n\n<div class=\"wp-block-column is-layout-flow wp-block-column-is-layout-flow\">\n<div class=\"wp-block-image is-style-default\"><figure class=\"aligncenter size-large is-resized\"><img loading=\"lazy\" decoding=\"async\" src=\"https:\/\/paramus.pl\/wp-content\/uploads\/2021\/04\/logo.png\" alt=\"\" class=\"wp-image-703\" width=\"320\" height=\"87\" srcset=\"https:\/\/paramus.pl\/wp-content\/uploads\/2021\/04\/logo.png 326w, https:\/\/paramus.pl\/wp-content\/uploads\/2021\/04\/logo-300x83.png 300w\" sizes=\"auto, (max-width: 320px) 100vw, 320px\" \/><\/figure><\/div>\n\n\n\n<h3 class=\"has-text-align-center wp-block-heading\">\u017bywiecka Fundacja Rozwoju <\/h3>\n\n\n\n<p class=\"has-text-align-center\"> <\/p>\n<\/div>\n<\/div>\n\n\n\n<div class=\"wp-block-columns is-layout-flex wp-container-core-columns-is-layout-9d6595d7 wp-block-columns-is-layout-flex\">\n<div class=\"wp-block-column is-layout-flow wp-block-column-is-layout-flow\">\n<div class=\"wp-block-image is-style-default\"><figure class=\"aligncenter size-large\"><img loading=\"lazy\" decoding=\"async\" width=\"294\" height=\"109\" src=\"http:\/\/paramus.pl\/wp-content\/uploads\/2021\/04\/Zrzut-ekranu-2021-04-20-o-13.16.50.png\" alt=\"\" class=\"wp-image-516\"\/><\/figure><\/div>\n\n\n\n<h3 class=\"has-text-align-center wp-block-heading\">Zak\u0142ad Fotograficzny<br>&#8222;Foto u Jarka&#8221;<br>Jaros\u0142aw Deka<\/h3>\n<\/div>\n\n\n\n<div class=\"wp-block-column is-layout-flow wp-block-column-is-layout-flow\"><\/div>\n<\/div>\n\n\n\n<p><\/p>\n","protected":false},"excerpt":{"rendered":"<p>Miasto \u017bywiec Starostwo Powiatowe w \u017bywcu Miejskie CentrumKultury w \u017bywcu \u017bywiecka Biblioteka Samorz\u0105dowa Pracownia IntroligatorskaMaciej Cima\u0142a Korpus Solidarno\u015bci Regionalne Centrum Wolontariatuw Katowicach \u017bywiecka Fundacja Rozwoju Zak\u0142ad Fotograficzny&#8222;Foto u Jarka&#8221;Jaros\u0142aw Deka<\/p>\n","protected":false},"author":1,"featured_media":762,"parent":0,"menu_order":0,"comment_status":"closed","ping_status":"closed","template":"","meta":{"_monsterinsights_skip_tracking":false,"_monsterinsights_sitenote_active":false,"_monsterinsights_sitenote_note":"","_monsterinsights_sitenote_category":0,"neve_meta_sidebar":"full-width","neve_meta_container":"","neve_meta_enable_content_width":"on","neve_meta_content_width":100,"neve_meta_title_alignment":"","neve_meta_author_avatar":"","neve_post_elements_order":"","neve_meta_disable_header":"off","neve_meta_disable_footer":"","neve_meta_disable_title":"on","_themeisle_gutenberg_block_has_review":false,"footnotes":""},"class_list":["post-505","page","type-page","status-publish","has-post-thumbnail","hentry"],"_links":{"self":[{"href":"https:\/\/paramus.pl\/index.php?rest_route=\/wp\/v2\/pages\/505","targetHints":{"allow":["GET"]}}],"collection":[{"href":"https:\/\/paramus.pl\/index.php?rest_route=\/wp\/v2\/pages"}],"about":[{"href":"https:\/\/paramus.pl\/index.php?rest_route=\/wp\/v2\/types\/page"}],"author":[{"embeddable":true,"href":"https:\/\/paramus.pl\/index.php?rest_route=\/wp\/v2\/users\/1"}],"replies":[{"embeddable":true,"href":"https:\/\/paramus.pl\/index.php?rest_route=%2Fwp%2Fv2%2Fcomments&post=505"}],"version-history":[{"count":15,"href":"https:\/\/paramus.pl\/index.php?rest_route=\/wp\/v2\/pages\/505\/revisions"}],"predecessor-version":[{"id":774,"href":"https:\/\/paramus.pl\/index.php?rest_route=\/wp\/v2\/pages\/505\/revisions\/774"}],"wp:featuredmedia":[{"embeddable":true,"href":"https:\/\/paramus.pl\/index.php?rest_route=\/wp\/v2\/media\/762"}],"wp:attachment":[{"href":"https:\/\/paramus.pl\/index.php?rest_route=%2Fwp%2Fv2%2Fmedia&parent=505"}],"curies":[{"name":"wp","href":"https:\/\/api.w.org\/{rel}","templated":true}]}}