{"id":590,"date":"2021-04-20T13:59:15","date_gmt":"2021-04-20T11:59:15","guid":{"rendered":"https:\/\/paramus.pl\/?page_id=590"},"modified":"2024-09-16T13:49:18","modified_gmt":"2024-09-16T11:49:18","slug":"wesprzyj-nasze-dzialania","status":"publish","type":"page","link":"https:\/\/paramus.pl\/?page_id=590","title":{"rendered":"WSPIERAJ NASZE DZIA\u0141ANIA"},"content":{"rendered":"\n<p class=\"has-neve-text-color-color has-text-color\"><\/p>\n\n\n\n<p>Ka\u017cda wp\u0142ata jest dla nas wa\u017cna. Dzi\u0119ki Wam mo\u017cemy realizowa\u0107 nasze cele. <\/p>\n\n\n\n<p>Je\u015bli \u0441h\u0441esz wiedzie\u0441 wi\u0119\u0441ej &#8211; zadzwo\u0144 798702319<\/p>\n\n\n\n<p>Dopisek<strong> <\/strong>&#8222;Darowizna na cele statutowe&#8221;<\/p>\n\n\n\n<p class=\"has-medium-font-size\">72 8137 0009 0033 4206 2000 0010<\/p>\n\n\n\n<p>Bank Sp\u00f3\u0142dzielczy \u017bywiec<br>Stowarzyszenie Paramus<br>ul. 3 maja 14&nbsp;<br>34-300 \u017bywiec&nbsp;<\/p>\n\n\n\n<hr class=\"wp-block-separator has-css-opacity\"\/>\n\n\n\n<p><\/p>\n\n\n\n<p><\/p>\n\n\n\n<div class=\"wp-block-media-text alignwide is-stacked-on-mobile\" style=\"grid-template-columns:40% auto\"><figure class=\"wp-block-media-text__media\"><img loading=\"lazy\" decoding=\"async\" width=\"1024\" height=\"803\" src=\"https:\/\/paramus.pl\/wp-content\/uploads\/2021\/04\/Zrzut-ekranu-2021-04-20-o-13.57.04-1-1024x803.png\" alt=\"\" class=\"wp-image-594 size-full\" srcset=\"https:\/\/paramus.pl\/wp-content\/uploads\/2021\/04\/Zrzut-ekranu-2021-04-20-o-13.57.04-1-1024x803.png 1024w, https:\/\/paramus.pl\/wp-content\/uploads\/2021\/04\/Zrzut-ekranu-2021-04-20-o-13.57.04-1-300x235.png 300w, https:\/\/paramus.pl\/wp-content\/uploads\/2021\/04\/Zrzut-ekranu-2021-04-20-o-13.57.04-1-768x602.png 768w, https:\/\/paramus.pl\/wp-content\/uploads\/2021\/04\/Zrzut-ekranu-2021-04-20-o-13.57.04-1.png 1349w\" sizes=\"auto, (max-width: 1024px) 100vw, 1024px\" \/><\/figure><div class=\"wp-block-media-text__content\">\n<h6 class=\"wp-block-heading has-neve-text-color-color has-nv-site-bg-background-color has-text-color has-background\" style=\"font-size:17px\">Stowarzyszenie PARAMUS jest organizacj\u0105 non profit, co oznacza, \u017ce nie dzia\u0142a dla zysku. Aby realizowa\u0107 wyznaczane cele i zadania, musimy stale stara\u0107 si\u0119 o wsparcie finansowe i materialne. Piszemy wnioski o dotacje, bierzemy udzia\u0142 w konkursach grantowych. Nie mogliby\u015bmy jednak dzia\u0142a\u0107 bez wsparcia pojedynczych os\u00f3b, w\u0142a\u015bcicieli firm i przedsi\u0119biorstw, kt\u00f3rzy maj\u0105 \u015bwiadomo\u015b\u0107, \u017ce to co robimy jest dobre dla naszej lokalnej spo\u0142eczno\u015bci. <\/h6>\n\n\n\n<h6 class=\"wp-block-heading has-neve-text-color-color has-nv-site-bg-background-color has-text-color has-background\" style=\"font-size:17px\">W tej zak\u0142adce b\u0119dziemy publikowa\u0107 informacje o r\u00f3\u017cnych mo\u017cliwo\u015bciach wspierania Stowarzyszenia Paramus.<br>Za ka\u017cd\u0105 z\u0142ot\u00f3wk\u0119 dzi\u0119kujemy.<\/h6>\n<\/div><\/div>\n\n\n\n<hr class=\"wp-block-separator has-css-opacity\"\/>\n\n\n\n<div class=\"wp-block-media-text alignwide has-media-on-the-right is-stacked-on-mobile is-vertically-aligned-center\" style=\"grid-template-columns:auto 44%\"><div class=\"wp-block-media-text__content\">\n<h5 class=\"wp-block-heading has-background\" id=\"block-f5f56950-1f5d-4181-814a-5be65a90da34\" style=\"background-color:#ececec;font-size:17px\"><strong>Darowizny na rzecz Stowarzyszenia Paramus mo\u017cna wp\u0142aca\u0107 na konto<\/strong>:<br>72 8137 0009 0033 4206 2000 0010<br>z dopiskiem: &#8222;darowizna na cele statutowe&#8221;&nbsp;<br><br>Bank Sp\u00f3\u0142dzielczy \u017bywiec<br>Stowarzyszenie Paramus<br>ul. 3 maja 14&nbsp;<br>34-300 \u017bywiec&nbsp;<\/h5>\n<\/div><figure class=\"wp-block-media-text__media\"><img loading=\"lazy\" decoding=\"async\" width=\"1024\" height=\"694\" src=\"https:\/\/paramus.pl\/wp-content\/uploads\/2021\/04\/Zrzut-ekranu-2021-04-20-o-14.01.08-1024x694.jpg\" alt=\"\" class=\"wp-image-595 size-full\" srcset=\"https:\/\/paramus.pl\/wp-content\/uploads\/2021\/04\/Zrzut-ekranu-2021-04-20-o-14.01.08-1024x694.jpg 1024w, https:\/\/paramus.pl\/wp-content\/uploads\/2021\/04\/Zrzut-ekranu-2021-04-20-o-14.01.08-300x203.jpg 300w, https:\/\/paramus.pl\/wp-content\/uploads\/2021\/04\/Zrzut-ekranu-2021-04-20-o-14.01.08-768x520.jpg 768w, https:\/\/paramus.pl\/wp-content\/uploads\/2021\/04\/Zrzut-ekranu-2021-04-20-o-14.01.08.jpg 1485w\" sizes=\"auto, (max-width: 1024px) 100vw, 1024px\" \/><\/figure><\/div>\n\n\n\n<h5 class=\"wp-block-heading has-text-align-center\"><\/h5>\n\n\n\n<p><\/p>\n\n\n\n<p><\/p>\n","protected":false},"excerpt":{"rendered":"<p>Ka\u017cda wp\u0142ata jest dla nas wa\u017cna. Dzi\u0119ki Wam mo\u017cemy realizowa\u0107 nasze cele. Je\u015bli \u0441h\u0441esz wiedzie\u0441 wi\u0119\u0441ej &#8211; zadzwo\u0144 798702319 Dopisek &#8222;Darowizna na cele statutowe&#8221; 72 8137 0009 0033 4206 2000 0010 Bank Sp\u00f3\u0142dzielczy \u017bywiecStowarzyszenie Paramusul. 3 maja 14&nbsp;34-300 \u017bywiec&nbsp; Stowarzyszenie PARAMUS jest organizacj\u0105 non profit, co oznacza, \u017ce nie dzia\u0142a dla zysku. Aby realizowa\u0107 wyznaczane&hellip;&nbsp;<a href=\"https:\/\/paramus.pl\/?page_id=590\" rel=\"bookmark\">Dowiedz si\u0119 wi\u0119cej &raquo;<span class=\"screen-reader-text\">WSPIERAJ NASZE DZIA\u0141ANIA<\/span><\/a><\/p>\n","protected":false},"author":1,"featured_media":0,"parent":0,"menu_order":0,"comment_status":"closed","ping_status":"closed","template":"","meta":{"_monsterinsights_skip_tracking":false,"_monsterinsights_sitenote_active":false,"_monsterinsights_sitenote_note":"","_monsterinsights_sitenote_category":0,"neve_meta_sidebar":"full-width","neve_meta_container":"","neve_meta_enable_content_width":"on","neve_meta_content_width":100,"neve_meta_title_alignment":"","neve_meta_author_avatar":"","neve_post_elements_order":"","neve_meta_disable_header":"","neve_meta_disable_footer":"","neve_meta_disable_title":"","_themeisle_gutenberg_block_has_review":false,"footnotes":""},"class_list":["post-590","page","type-page","status-publish","hentry"],"_links":{"self":[{"href":"https:\/\/paramus.pl\/index.php?rest_route=\/wp\/v2\/pages\/590","targetHints":{"allow":["GET"]}}],"collection":[{"href":"https:\/\/paramus.pl\/index.php?rest_route=\/wp\/v2\/pages"}],"about":[{"href":"https:\/\/paramus.pl\/index.php?rest_route=\/wp\/v2\/types\/page"}],"author":[{"embeddable":true,"href":"https:\/\/paramus.pl\/index.php?rest_route=\/wp\/v2\/users\/1"}],"replies":[{"embeddable":true,"href":"https:\/\/paramus.pl\/index.php?rest_route=%2Fwp%2Fv2%2Fcomments&post=590"}],"version-history":[{"count":14,"href":"https:\/\/paramus.pl\/index.php?rest_route=\/wp\/v2\/pages\/590\/revisions"}],"predecessor-version":[{"id":1632,"href":"https:\/\/paramus.pl\/index.php?rest_route=\/wp\/v2\/pages\/590\/revisions\/1632"}],"wp:attachment":[{"href":"https:\/\/paramus.pl\/index.php?rest_route=%2Fwp%2Fv2%2Fmedia&parent=590"}],"curies":[{"name":"wp","href":"https:\/\/api.w.org\/{rel}","templated":true}]}}